{"id":5159,"date":"2022-04-07T12:00:31","date_gmt":"2022-04-07T10:00:31","guid":{"rendered":"https:\/\/www.restaurantemena.es\/politique-de-confidentialite\/"},"modified":"2022-04-07T12:00:31","modified_gmt":"2022-04-07T10:00:31","slug":"politique-de-confidentialite","status":"publish","type":"page","link":"https:\/\/www.restaurantemena.es\/fr\/politique-de-confidentialite\/","title":{"rendered":"Politique de confidentialit\u00e9"},"content":{"rendered":"<p>Cette politique de confidentialit\u00e9 est conforme au r\u00e8glement (UE) 2016\/679 du Parlement europ\u00e9en et du Conseil du 27 avril 2016 relatif \u00e0 la protection des personnes physiques \u00e0 l&rsquo;\u00e9gard du traitement des donn\u00e9es \u00e0 caract\u00e8re personnel et \u00e0 la libre circulation de ces donn\u00e9es (RGPD), loi organique 3\/2018 du 5 d\u00e9cembre, sur la protection des donn\u00e9es personnelles et la garantie des droits num\u00e9riques (LOPDGDD), ainsi que, dans la mesure o\u00f9 elle n&rsquo;est pas contraire \u00e0 la r\u00e9glementation susmentionn\u00e9e, \u00e0 la loi organique 15\/1999, sur la protection des donn\u00e9es personnelles (LOPD) et \u00e0 son r\u00e8glement d&rsquo;application, et\/ou \u00e0 ceux qui pourraient les remplacer ou les mettre \u00e0 jour \u00e0 l&rsquo;avenir.<br \/>\nNotre organisation s&rsquo;engage \u00e0 respecter la confidentialit\u00e9 de vos donn\u00e9es personnelles. Les donn\u00e9es personnelles fournies sont n\u00e9cessaires \u00e0 la prestation de nos services et sont trait\u00e9es de mani\u00e8re licite, loyale et transparente, en garantissant une s\u00e9curit\u00e9 ad\u00e9quate des donn\u00e9es, y compris la protection contre le traitement non autoris\u00e9 ou ill\u00e9gal et contre la perte, la destruction ou les dommages accidentels par la mise en \u0153uvre de mesures techniques et organisationnelles.<br \/>\nDans ce document, nous souhaitons vous fournir toutes les informations n\u00e9cessaires sur le traitement de vos donn\u00e9es personnelles par cette organisation de mani\u00e8re transparente et \u00e9quitable.<\/p>\n<h3>Base juridique du traitement de vos donn\u00e9es personnelles<\/h3>\n<p>Pour chaque traitement sp\u00e9cifique des donn\u00e9es personnelles collect\u00e9es \u00e0 votre sujet, nous vous informerons de la base juridique du traitement de vos donn\u00e9es personnelles.<\/p>\n<h3>Droits<\/h3>\n<h4>Droit d&rsquo;acc\u00e8s<\/h4>\n<p>Le droit d&rsquo;obtenir du responsable du traitement la confirmation que des donn\u00e9es \u00e0 caract\u00e8re personnel concernant la personne concern\u00e9e sont ou non trait\u00e9es et, dans l&rsquo;affirmative, le droit d&rsquo;acc\u00e9der aux donn\u00e9es \u00e0 caract\u00e8re personnel et aux informations suivantes : les finalit\u00e9s du traitement, les cat\u00e9gories de donn\u00e9es \u00e0 caract\u00e8re personnel concern\u00e9es, les destinataires ou cat\u00e9gories de destinataires auxquels les donn\u00e9es \u00e0 caract\u00e8re personnel ont \u00e9t\u00e9 ou seront communiqu\u00e9es, la dur\u00e9e de conservation ou les crit\u00e8res utilis\u00e9s pour d\u00e9terminer cette dur\u00e9e, l&rsquo;existence du droit de demander au responsable du traitement la rectification ou l&rsquo;effacement des donn\u00e9es \u00e0 caract\u00e8re personnel ou la limitation ou l&rsquo;opposition au traitement des donn\u00e9es \u00e0 caract\u00e8re personnel relatives \u00e0 la personne concern\u00e9e, le droit de d\u00e9poser une plainte aupr\u00e8s de l&rsquo;Agence espagnole de protection des donn\u00e9es (AEPD), l&rsquo;existence, le cas \u00e9ch\u00e9ant, de d\u00e9cisions automatis\u00e9es, y compris le profilage, lorsque les donn\u00e9es sont transf\u00e9r\u00e9es vers des pays tiers le droit d&rsquo;\u00eatre inform\u00e9 des garanties appropri\u00e9es appliqu\u00e9es.<\/p>\n<h4>Droit de rectification<\/h4>\n<p>Il s&rsquo;agit du droit de demander la rectification de vos donn\u00e9es personnelles si elles sont inexactes, y compris le droit de compl\u00e9ter des donn\u00e9es incompl\u00e8tes. Veuillez noter qu&rsquo;en nous fournissant des donn\u00e9es personnelles par quelque moyen que ce soit, vous garantissez qu&rsquo;elles sont vraies et exactes et vous vous engagez \u00e0 nous informer de tout changement ou modification de celles-ci. Par cons\u00e9quent, tout dommage caus\u00e9 \u00e0 la suite de la communication d&rsquo;informations erron\u00e9es, inexactes ou incompl\u00e8tes dans les formulaires du site web sera de la seule responsabilit\u00e9 de l&rsquo;int\u00e9ress\u00e9.<\/p>\n<h4>Droit de suppression<\/h4>\n<p>Il s&rsquo;agit du droit de demander la suppression de vos donn\u00e9es \u00e0 caract\u00e8re personnel lorsque, entre autres, elles ne sont plus n\u00e9cessaires \u00e0 la r\u00e9alisation de la finalit\u00e9 pour laquelle elles ont \u00e9t\u00e9 collect\u00e9es, qu&rsquo;elles sont trait\u00e9es d&rsquo;une autre mani\u00e8re ou que vous retirez votre consentement. Il convient de garder \u00e0 l&rsquo;esprit que l&rsquo;effacement ne sera pas applicable lorsque le traitement des donn\u00e9es \u00e0 caract\u00e8re personnel est n\u00e9cessaire, entre autres, au respect d&rsquo;obligations l\u00e9gales ou \u00e0 la formulation, l&rsquo;exercice ou la d\u00e9fense de revendications.<\/p>\n<h4>Droit \u00e0 la limitation<\/h4>\n<p>Il s&rsquo;agit du droit de demander que nous limitions le traitement de vos donn\u00e9es personnelles, ce qui signifie que, dans certains cas, vous pouvez nous demander de cesser temporairement de traiter vos donn\u00e9es personnelles ou de les conserver plus longtemps que n\u00e9cessaire alors que vous pourriez en avoir besoin.<\/p>\n<h4>Droit de retirer le consentement<\/h4>\n<p>Vous avez le droit de retirer le consentement que vous avez donn\u00e9 en cochant la case \u00ab\u00a0J&rsquo;ai lu et j&rsquo;accepte la politique de confidentialit\u00e9\u00a0\u00bb \u00e0 tout moment et comme indiqu\u00e9 dans la section pertinente \u00ab\u00a0Exercice des droits\u00a0\u00bb ou dans le traitement sp\u00e9cifique des communications commerciales ou de la Newsletter. Veuillez noter que ce droit ne s&rsquo;applique pas si, entre autres, le traitement des donn\u00e9es \u00e0 caract\u00e8re personnel est n\u00e9cessaire au respect d&rsquo;une obligation l\u00e9gale, \u00e0 l&rsquo;ex\u00e9cution et au maintien d&rsquo;une relation contractuelle, ou \u00e0 la formulation, l&rsquo;exercice ou la d\u00e9fense de revendications. En outre, le retrait du consentement n&rsquo;aura pas d&rsquo;effets r\u00e9troactifs, c&rsquo;est-\u00e0-dire qu&rsquo;il n&rsquo;affectera pas la lic\u00e9it\u00e9 du traitement fond\u00e9 sur le consentement avant son retrait.<\/p>\n<h4>Droit de d\u00e9poser une plainte aupr\u00e8s d&rsquo;une autorit\u00e9 de surveillance<\/h4>\n<p>Si vous pensez que nous traitons vos donn\u00e9es personnelles de mani\u00e8re incorrecte, vous pouvez nous contacter. Vous avez \u00e9galement le droit de d\u00e9poser une plainte aupr\u00e8s de l&rsquo;autorit\u00e9 comp\u00e9tente en mati\u00e8re de protection des donn\u00e9es.<\/p>\n<h4>Droit \u00e0 la portabilit\u00e9<\/h4>\n<p>Il s&rsquo;agit du droit de recevoir les donn\u00e9es personnelles vous concernant que vous nous avez fournies sous un format structur\u00e9, couramment utilis\u00e9 et lisible par machine et de les transmettre \u00e0 un autre responsable du traitement, \u00e0 condition que : le traitement soit fond\u00e9 sur votre consentement et soit effectu\u00e9 par des moyens automatis\u00e9s ou informatis\u00e9s.<\/p>\n<h4>Droit d&rsquo;opposition<\/h4>\n<p>Il s&rsquo;agit du droit de s&rsquo;opposer au traitement de vos donn\u00e9es personnelles sur la base de notre int\u00e9r\u00eat l\u00e9gitime. Nous ne traiterons pas davantage vos donn\u00e9es \u00e0 caract\u00e8re personnel \u00e0 moins que nous puissions d\u00e9montrer des motifs l\u00e9gitimes imp\u00e9rieux pour le traitement qui l&#8217;emportent sur vos int\u00e9r\u00eats, droits et libert\u00e9s, ou pour la constatation, l&rsquo;exercice ou la d\u00e9fense de droits.<\/p>\n<h4>Exercice des droits<\/h4>\n<p>Si vous pensez que nous traitons vos donn\u00e9es personnelles de mani\u00e8re incorrecte, vous pouvez nous contacter ou vous avez \u00e9galement le droit de d\u00e9poser une plainte aupr\u00e8s de l&rsquo;Agence espagnole de protection des donn\u00e9es (AEPD) :<br \/>\n<a href=\"https:\/\/www.agpd.es\/portalwebAGPD\/index-ides-idphp.php\">https:\/\/www.agpd.es\/portalwebAGPD\/index-ides-idphp.php<\/a><\/p>\n<h3>Traitement des donn\u00e9es \u00e0 caract\u00e8re personnel<\/h3>\n<h4>Dispositions g\u00e9n\u00e9riques<\/h4>\n<p>Les donn\u00e9es personnelles demand\u00e9es dans chacun des traitements sp\u00e9cifiques sont ad\u00e9quates, pertinentes et limit\u00e9es \u00e0 ce qui est n\u00e9cessaire par rapport aux finalit\u00e9s pour lesquelles elles sont trait\u00e9es, respectant ainsi le principe de minimisation des donn\u00e9es.<br \/>\nLes donn\u00e9es personnelles demand\u00e9es dans chacun des traitements sp\u00e9cifiques sont strictement n\u00e9cessaires ; le refus de les fournir signifierait que nous ne serions pas en mesure de fournir le service demand\u00e9.<br \/>\nLes communications de donn\u00e9es personnelles pr\u00e9vues dans chacun des traitements sp\u00e9cifiques sont, dans certains cas, n\u00e9cessaires \u00e0 l&rsquo;ex\u00e9cution et au maintien d&rsquo;un contrat et, dans d&rsquo;autres cas, au respect d&rsquo;une obligation l\u00e9gale applicable au responsable du traitement.<\/p>\n<h4>Formulaire de contact<\/h4>\n<p>Les donn\u00e9es personnelles seront trait\u00e9es afin de canaliser les demandes d&rsquo;information, les suggestions et les plaintes des utilisateurs ou des clients.<br \/>\nLa base juridique qui l\u00e9gitime le traitement des donn\u00e9es personnelles est le consentement expr\u00e8s en cochant \u00ab\u00a0J&rsquo;ai lu et j&rsquo;accepte la politique de confidentialit\u00e9\u00a0\u00bb.<br \/>\nLes donn\u00e9es personnelles seront conserv\u00e9es pendant une p\u00e9riode de deux ans \u00e0 partir du moment o\u00f9 elles cessent d&rsquo;\u00eatre trait\u00e9es, sans pr\u00e9judice de l&rsquo;exercice de vos droits en tant que personne concern\u00e9e.<\/p>\n<h4>Formulaire de communication commerciale ou de bulletin d&rsquo;information<\/h4>\n<p>Les donn\u00e9es personnelles seront trait\u00e9es pour g\u00e9rer l&rsquo;abonnement \u00e0 notre Newsletter, y compris l&rsquo;envoi d&rsquo;informations personnalis\u00e9es ou non sur nos produits ou services par diff\u00e9rents moyens tels que le t\u00e9l\u00e9phone, le courrier \u00e9lectronique, les SMS, les applications pour appareils mobiles, ainsi que par toute proc\u00e9dure similaire. Il convient de garder \u00e0 l&rsquo;esprit que ce type de traitement des donn\u00e9es peut impliquer l&rsquo;analyse de votre profil d&rsquo;utilisateur pour d\u00e9terminer vos pr\u00e9f\u00e9rences afin de vous fournir des informations plus adapt\u00e9es \u00e0 vos int\u00e9r\u00eats.<br \/>\nVous pouvez vous d\u00e9sinscrire de ce type de traitement, en fonction des moyens utilis\u00e9s, comme suit :<\/p>\n<ul>\n<li>E-mail : Par le biais du lien \u00e0 cet effet que vous trouverez dans chacune des communications \u00e9lectroniques ou au moyen d&rsquo;une proc\u00e9dure similaire sp\u00e9cifi\u00e9e dans la communication commerciale.<\/li>\n<li>WhatsApp (autres applications) : Demande de d\u00e9sabonnement.<\/li>\n<li>SMS : demande de d\u00e9sabonnement.<\/li>\n<\/ul>\n<p>La base juridique qui l\u00e9gitime le traitement des donn\u00e9es personnelles est le consentement expr\u00e8s donn\u00e9 : en marquant \u00ab\u00a0J&rsquo;ai lu et j&rsquo;accepte la politique de confidentialit\u00e9\u00a0\u00bb sur le site web, au moyen d&rsquo;un document physique ou par e-mail, selon le cas.<br \/>\nVeuillez noter que si WhatsApp est utilis\u00e9, les donn\u00e9es personnelles seront transf\u00e9r\u00e9es \u00e0 WhatsApp Ireland Limited qui est situ\u00e9 dans l&rsquo;EEE.<br \/>\nLes donn\u00e9es personnelles seront conserv\u00e9es aussi longtemps que vous ne retirerez pas votre consentement de la mani\u00e8re d\u00e9crite dans ce paragraphe.<\/p>\n","protected":false},"excerpt":{"rendered":"<p>Cette politique de confidentialit\u00e9 est conforme au r\u00e8glement (UE) 2016\/679 du Parlement europ\u00e9en et du Conseil du 27 avril 2016 relatif \u00e0 la protection des personnes physiques \u00e0 l&rsquo;\u00e9gard du traitement des donn\u00e9es \u00e0 caract\u00e8re personnel et \u00e0 la libre circulation de ces donn\u00e9es (RGPD), loi organique 3\/2018 du 5 d\u00e9cembre, sur la protection des [&hellip;]<\/p>\n","protected":false},"author":1,"featured_media":0,"parent":0,"menu_order":0,"comment_status":"closed","ping_status":"open","template":"","meta":{"footnotes":""},"class_list":["post-5159","page","type-page","status-publish","hentry"],"yoast_head":"<!-- This site is optimized with the Yoast SEO plugin v27.4 - https:\/\/yoast.com\/product\/yoast-seo-wordpress\/ -->\n<title>Politique de confidentialit\u00e9 - Restaurante Mena<\/title>\n<meta name=\"robots\" content=\"index, follow, max-snippet:-1, max-image-preview:large, max-video-preview:-1\" \/>\n<link rel=\"canonical\" href=\"https:\/\/www.restaurantemena.es\/fr\/politique-de-confidentialite\/\" \/>\n<meta property=\"og:locale\" content=\"fr_FR\" \/>\n<meta property=\"og:type\" content=\"article\" \/>\n<meta property=\"og:title\" content=\"Politique de confidentialit\u00e9 - Restaurante Mena\" \/>\n<meta property=\"og:description\" content=\"Cette politique de confidentialit\u00e9 est conforme au r\u00e8glement (UE) 2016\/679 du Parlement europ\u00e9en et du Conseil du 27 avril 2016 relatif \u00e0 la protection des personnes physiques \u00e0 l&rsquo;\u00e9gard du traitement des donn\u00e9es \u00e0 caract\u00e8re personnel et \u00e0 la libre circulation de ces donn\u00e9es (RGPD), loi organique 3\/2018 du 5 d\u00e9cembre, sur la protection des [&hellip;]\" \/>\n<meta property=\"og:url\" content=\"https:\/\/www.restaurantemena.es\/fr\/politique-de-confidentialite\/\" \/>\n<meta property=\"og:site_name\" content=\"Restaurante Mena\" \/>\n<meta name=\"twitter:card\" content=\"summary_large_image\" \/>\n<meta name=\"twitter:label1\" content=\"Dur\u00e9e de lecture estim\u00e9e\" \/>\n\t<meta name=\"twitter:data1\" content=\"8 minutes\" \/>\n<script type=\"application\/ld+json\" class=\"yoast-schema-graph\">{\"@context\":\"https:\\\/\\\/schema.org\",\"@graph\":[{\"@type\":\"WebPage\",\"@id\":\"https:\\\/\\\/www.restaurantemena.es\\\/fr\\\/politique-de-confidentialite\\\/\",\"url\":\"https:\\\/\\\/www.restaurantemena.es\\\/fr\\\/politique-de-confidentialite\\\/\",\"name\":\"Politique de confidentialit\u00e9 - Restaurante Mena\",\"isPartOf\":{\"@id\":\"https:\\\/\\\/www.restaurantemena.es\\\/fr\\\/#website\"},\"datePublished\":\"2022-04-07T10:00:31+00:00\",\"breadcrumb\":{\"@id\":\"https:\\\/\\\/www.restaurantemena.es\\\/fr\\\/politique-de-confidentialite\\\/#breadcrumb\"},\"inLanguage\":\"fr-FR\",\"potentialAction\":[{\"@type\":\"ReadAction\",\"target\":[\"https:\\\/\\\/www.restaurantemena.es\\\/fr\\\/politique-de-confidentialite\\\/\"]}]},{\"@type\":\"BreadcrumbList\",\"@id\":\"https:\\\/\\\/www.restaurantemena.es\\\/fr\\\/politique-de-confidentialite\\\/#breadcrumb\",\"itemListElement\":[{\"@type\":\"ListItem\",\"position\":1,\"name\":\"Home\",\"item\":\"https:\\\/\\\/www.restaurantemena.es\\\/fr\\\/\"},{\"@type\":\"ListItem\",\"position\":2,\"name\":\"Politique de confidentialit\u00e9\"}]},{\"@type\":\"WebSite\",\"@id\":\"https:\\\/\\\/www.restaurantemena.es\\\/fr\\\/#website\",\"url\":\"https:\\\/\\\/www.restaurantemena.es\\\/fr\\\/\",\"name\":\"Restaurante Mena\",\"description\":\"A bordo desde 1959. Final de les Rotes - D\u00e9nia\",\"potentialAction\":[{\"@type\":\"SearchAction\",\"target\":{\"@type\":\"EntryPoint\",\"urlTemplate\":\"https:\\\/\\\/www.restaurantemena.es\\\/fr\\\/?s={search_term_string}\"},\"query-input\":{\"@type\":\"PropertyValueSpecification\",\"valueRequired\":true,\"valueName\":\"search_term_string\"}}],\"inLanguage\":\"fr-FR\"}]}<\/script>\n<!-- \/ Yoast SEO plugin. -->","yoast_head_json":{"title":"Politique de confidentialit\u00e9 - Restaurante Mena","robots":{"index":"index","follow":"follow","max-snippet":"max-snippet:-1","max-image-preview":"max-image-preview:large","max-video-preview":"max-video-preview:-1"},"canonical":"https:\/\/www.restaurantemena.es\/fr\/politique-de-confidentialite\/","og_locale":"fr_FR","og_type":"article","og_title":"Politique de confidentialit\u00e9 - Restaurante Mena","og_description":"Cette politique de confidentialit\u00e9 est conforme au r\u00e8glement (UE) 2016\/679 du Parlement europ\u00e9en et du Conseil du 27 avril 2016 relatif \u00e0 la protection des personnes physiques \u00e0 l&rsquo;\u00e9gard du traitement des donn\u00e9es \u00e0 caract\u00e8re personnel et \u00e0 la libre circulation de ces donn\u00e9es (RGPD), loi organique 3\/2018 du 5 d\u00e9cembre, sur la protection des [&hellip;]","og_url":"https:\/\/www.restaurantemena.es\/fr\/politique-de-confidentialite\/","og_site_name":"Restaurante Mena","twitter_card":"summary_large_image","twitter_misc":{"Dur\u00e9e de lecture estim\u00e9e":"8 minutes"},"schema":{"@context":"https:\/\/schema.org","@graph":[{"@type":"WebPage","@id":"https:\/\/www.restaurantemena.es\/fr\/politique-de-confidentialite\/","url":"https:\/\/www.restaurantemena.es\/fr\/politique-de-confidentialite\/","name":"Politique de confidentialit\u00e9 - Restaurante Mena","isPartOf":{"@id":"https:\/\/www.restaurantemena.es\/fr\/#website"},"datePublished":"2022-04-07T10:00:31+00:00","breadcrumb":{"@id":"https:\/\/www.restaurantemena.es\/fr\/politique-de-confidentialite\/#breadcrumb"},"inLanguage":"fr-FR","potentialAction":[{"@type":"ReadAction","target":["https:\/\/www.restaurantemena.es\/fr\/politique-de-confidentialite\/"]}]},{"@type":"BreadcrumbList","@id":"https:\/\/www.restaurantemena.es\/fr\/politique-de-confidentialite\/#breadcrumb","itemListElement":[{"@type":"ListItem","position":1,"name":"Home","item":"https:\/\/www.restaurantemena.es\/fr\/"},{"@type":"ListItem","position":2,"name":"Politique de confidentialit\u00e9"}]},{"@type":"WebSite","@id":"https:\/\/www.restaurantemena.es\/fr\/#website","url":"https:\/\/www.restaurantemena.es\/fr\/","name":"Restaurante Mena","description":"A bordo desde 1959. Final de les Rotes - D\u00e9nia","potentialAction":[{"@type":"SearchAction","target":{"@type":"EntryPoint","urlTemplate":"https:\/\/www.restaurantemena.es\/fr\/?s={search_term_string}"},"query-input":{"@type":"PropertyValueSpecification","valueRequired":true,"valueName":"search_term_string"}}],"inLanguage":"fr-FR"}]}},"_links":{"self":[{"href":"https:\/\/www.restaurantemena.es\/fr\/wp-json\/wp\/v2\/pages\/5159","targetHints":{"allow":["GET"]}}],"collection":[{"href":"https:\/\/www.restaurantemena.es\/fr\/wp-json\/wp\/v2\/pages"}],"about":[{"href":"https:\/\/www.restaurantemena.es\/fr\/wp-json\/wp\/v2\/types\/page"}],"author":[{"embeddable":true,"href":"https:\/\/www.restaurantemena.es\/fr\/wp-json\/wp\/v2\/users\/1"}],"replies":[{"embeddable":true,"href":"https:\/\/www.restaurantemena.es\/fr\/wp-json\/wp\/v2\/comments?post=5159"}],"version-history":[{"count":0,"href":"https:\/\/www.restaurantemena.es\/fr\/wp-json\/wp\/v2\/pages\/5159\/revisions"}],"wp:attachment":[{"href":"https:\/\/www.restaurantemena.es\/fr\/wp-json\/wp\/v2\/media?parent=5159"}],"curies":[{"name":"wp","href":"https:\/\/api.w.org\/{rel}","templated":true}]}}