{"id":5010,"date":"2022-02-28T13:44:06","date_gmt":"2022-02-28T12:44:06","guid":{"rendered":"https:\/\/www.restaurantemena.es\/mas-informacion-sobre-las-cookies\/"},"modified":"2022-02-28T17:02:12","modified_gmt":"2022-02-28T16:02:12","slug":"mas-informacion-sobre-las-cookies","status":"publish","type":"page","link":"https:\/\/www.restaurantemena.es\/fr\/mas-informacion-sobre-las-cookies\/","title":{"rendered":"Plus d&rsquo;informations sur les cookies"},"content":{"rendered":"<h2>Qu&rsquo;est-ce qu&rsquo;un cookie\u00a0?<\/h2>\n<p>\nUn <em>cookie<\/em> est un fichier texte <b>inoffensif<\/b> qui est stock\u00e9 dans votre navigateur lorsque vous visitez presque n&rsquo;importe quelle page Web. L&rsquo;utilit\u00e9 du <em>cookie<\/em> est que le site Web est capable de se souvenir de votre visite lorsque vous naviguez \u00e0 nouveau sur cette page. Bien que beaucoup de gens ne le sachent pas, les <em>cookies<\/em> sont utilis\u00e9s depuis 20 ans, lorsque les premiers navigateurs pour le World Wide Web sont apparus.\n<\/p>\n<h2>Qu&rsquo;est-ce qui n&rsquo;est PAS un cookie\u00a0?<\/h2>\n<p>\nCe n&rsquo;est pas un virus, ni un cheval de Troie, ni un ver, ni un spam, ni un spyware, et n&rsquo;ouvre pas non plus de fen\u00eatres pop-up.\n<\/p>\n<h2>Quelles informations un <em>cookie<\/em> stocke-t-il\u00a0?<\/h2>\n<p>\nLes <em>cookies<\/em> ne stockent g\u00e9n\u00e9ralement pas d&rsquo;informations sensibles vous concernant, telles que des cartes de cr\u00e9dit ou des coordonn\u00e9es bancaires, des photographies, votre identit\u00e9 ou des informations personnelles, etc. Les donn\u00e9es qu&rsquo;ils stockent sont de nature technique, pr\u00e9f\u00e9rences personnelles, personnalisation du contenu, etc.\n<\/p>\n<p>\nLe serveur Web ne vous associe pas en tant que personne, mais plut\u00f4t votre navigateur Web. En fait, si vous naviguez r\u00e9guli\u00e8rement avec Internet Explorer et que vous essayez de naviguer sur le m\u00eame site Web avec Firefox ou Chrome, vous verrez que le site Web ne se rend pas compte que vous \u00eates la m\u00eame personne car il associe en fait le navigateur et non la personne.\n<\/p>\n<h2>Quels types de <em>cookies<\/em> existe-t-il\u00a0?<\/h2>\n<ul>\n<li><em>Cookies<\/em> techniques\u00a0: ce sont les plus \u00e9l\u00e9mentaires et permettent, entre autres, de savoir quand un humain ou une application automatis\u00e9e navigue, quand un utilisateur anonyme et un utilisateur enregistr\u00e9 naviguent, des t\u00e2ches de base pour le fonctionnement de tout site Web dynamique.<\/li>\n<li><em>Cookies<\/em> d&rsquo;analyse\u00a0: ils collectent des informations sur le type de navigation que vous effectuez, les rubriques que vous utilisez le plus, les produits consult\u00e9s, la plage horaire d&rsquo;utilisation, la langue, etc.<\/li>\n<li><em>Cookies<\/em> publicitaires\u00a0: ils affichent des publicit\u00e9s en fonction de votre navigation, de votre pays d&rsquo;origine, de votre langue, etc.<\/li>\n<\/ul>\n<h2>Quels sont les <em>cookies propres<\/em> et ceux de tiers\u00a0?<\/h2>\n<p>\nLes <em>cookies propres<\/em> sont ceux g\u00e9n\u00e9r\u00e9s par la page que vous visitez et les <em>cookies tiers<\/em> sont ceux g\u00e9n\u00e9r\u00e9s par des services ou fournisseurs externes tels que Facebook, Twitter, Google, etc.\n<\/p>\n<h2>Que se passe-t-il si je d\u00e9sactive les <em>cookies<\/em>\u00a0?<\/h2>\n<p>\nAfin que vous compreniez la port\u00e9e de la d\u00e9sactivation des <em>cookies<\/em>, nous vous montrons quelques exemples\u00a0:<\/p>\n<ul>\n<li>Vous ne pouvez pas partager le contenu de ce site Web sur Facebook, Twitter ou tout autre r\u00e9seau social.<\/li>\n<li>Le site Web ne pourra pas adapter le contenu \u00e0 vos pr\u00e9f\u00e9rences personnelles, comme c&rsquo;est souvent le cas dans les boutiques en ligne.<\/li>\n<li>Vous ne pourrez pas acc\u00e9der \u00e0 l&rsquo;espace personnel de ce site Web, tel que <em>Mon compte<\/em>, ou <em>Mon profil<\/em> ou <em>Mes commandes<\/em> >.<\/li >\n<li>Magasins en ligne\u00a0: il vous sera impossible d&rsquo;effectuer des achats en ligne, ils devront se faire par t\u00e9l\u00e9phone ou en visitant le magasin physique si vous en avez un.<\/li>\n<li>Il ne sera pas possible de personnaliser vos pr\u00e9f\u00e9rences g\u00e9ographiques telles que le fuseau horaire, la devise ou la langue.<\/li>\n<li>Le site Web ne pourra pas effectuer d&rsquo;analyses Web sur les visiteurs et le trafic Web, ce qui rendra difficile la comp\u00e9titivit\u00e9 du site Web.<\/li>\n<li>Vous ne pourrez pas \u00e9crire sur le blog, vous ne pourrez pas t\u00e9l\u00e9charger de photos, publier de commentaires, \u00e9valuer ou \u00e9valuer le contenu. Le Web ne pourra pas non plus savoir si vous \u00eates un humain ou une application automatis\u00e9e qui publie du <em>spam<\/em>.<\/li>\n<li>Il ne sera pas possible d&rsquo;afficher de la publicit\u00e9 sectoris\u00e9e, ce qui r\u00e9duira les revenus publicitaires du Web.<\/li>\n<li>Tous les r\u00e9seaux sociaux utilisent des <em>cookies<\/em>, si vous les d\u00e9sactivez, vous ne pourrez plus utiliser aucun r\u00e9seau social.<\/li>\n<\/ul>\n<h2>Les <em>cookies<\/em> peuvent-ils \u00eatre supprim\u00e9s\u00a0?<\/h2>\n<p>\nOui, non seulement supprimer, mais \u00e9galement bloquer, de mani\u00e8re g\u00e9n\u00e9rale ou particuli\u00e8re pour un domaine sp\u00e9cifique.\n<\/p>\n<p>\nPour \u00e9liminer les <em>cookies<\/em> d&rsquo;un site Web, vous devez vous rendre dans les param\u00e8tres de votre navigateur et l\u00e0, vous pourrez rechercher ceux associ\u00e9s au domaine en question et proc\u00e9der \u00e0 leur \u00e9limination.\n<\/p>\n<h2 id=\"browsers\">Configuration des <em>cookies<\/em> pour les navigateurs les plus populaires<\/h2>\n<p>\nVoici comment acc\u00e9der \u00e0 un <em>cookie<\/em> de navigateur <b>Chrome<\/b> sp\u00e9cifique. Remarque\u00a0: Ces \u00e9tapes peuvent varier en fonction de la version de votre navigateur\u00a0:<\/p>\n<ol>\n<li>Acc\u00e9dez \u00e0 Param\u00e8tres ou Pr\u00e9f\u00e9rences via le menu Fichier ou en cliquant sur l&rsquo;ic\u00f4ne de personnalisation qui appara\u00eet en haut \u00e0 droite.<\/li>\n<li>Vous verrez diff\u00e9rentes sections, cliquez sur l&rsquo;option <em>Afficher les options avanc\u00e9es<\/em>.<\/li>\n<li>Acc\u00e9dez \u00e0 <em>Confidentialit\u00e9<\/em>, <em>Param\u00e8tres de contenu<\/em>.<\/li>\n<li>S\u00e9lectionnez <em>Tous les <em>cookies<\/em> et les donn\u00e9es du site<\/em>.<\/li>\n<li>Une liste appara\u00eetra avec tous les <em>cookies<\/em> tri\u00e9s par domaine. Pour vous faciliter la recherche des <em>cookies<\/em> d&rsquo;un certain domaine, saisissez l&rsquo;adresse partiellement ou totalement dans le champ <em>Rechercher les cookies<\/em>.<\/li>\n<li>Apr\u00e8s avoir effectu\u00e9 ce filtrage, une ou plusieurs lignes appara\u00eetront \u00e0 l&rsquo;\u00e9cran avec les <em>cookies<\/em> d<br \/>\n","protected":false},"excerpt":{"rendered":"<p>Qu&rsquo;est-ce qu&rsquo;un cookie\u00a0? Un cookie est un fichier texte inoffensif qui est stock\u00e9 dans votre navigateur lorsque vous visitez presque n&rsquo;importe quelle page Web. L&rsquo;utilit\u00e9 du cookie est que le site Web est capable de se souvenir de votre visite lorsque vous naviguez \u00e0 nouveau sur cette page. Bien que beaucoup de gens ne le [&hellip;]<\/p>\n","protected":false},"author":1,"featured_media":0,"parent":0,"menu_order":0,"comment_status":"closed","ping_status":"closed","template":"","meta":{"footnotes":""},"class_list":["post-5010","page","type-page","status-publish","hentry"],"yoast_head":"<!-- This site is optimized with the Yoast SEO plugin v27.4 - https:\/\/yoast.com\/product\/yoast-seo-wordpress\/ -->\n<title>Plus d&#039;informations sur les cookies - Restaurante Mena<\/title>\n<meta name=\"robots\" content=\"index, follow, max-snippet:-1, max-image-preview:large, max-video-preview:-1\" \/>\n<link rel=\"canonical\" href=\"https:\/\/www.restaurantemena.es\/fr\/mas-informacion-sobre-las-cookies\/\" \/>\n<meta property=\"og:locale\" content=\"fr_FR\" \/>\n<meta property=\"og:type\" content=\"article\" \/>\n<meta property=\"og:title\" content=\"Plus d&#039;informations sur les cookies - Restaurante Mena\" \/>\n<meta property=\"og:description\" content=\"Qu&rsquo;est-ce qu&rsquo;un cookie\u00a0? Un cookie est un fichier texte inoffensif qui est stock\u00e9 dans votre navigateur lorsque vous visitez presque n&rsquo;importe quelle page Web. L&rsquo;utilit\u00e9 du cookie est que le site Web est capable de se souvenir de votre visite lorsque vous naviguez \u00e0 nouveau sur cette page. Bien que beaucoup de gens ne le [&hellip;]\" \/>\n<meta property=\"og:url\" content=\"https:\/\/www.restaurantemena.es\/fr\/mas-informacion-sobre-las-cookies\/\" \/>\n<meta property=\"og:site_name\" content=\"Restaurante Mena\" \/>\n<meta property=\"article:modified_time\" content=\"2022-02-28T16:02:12+00:00\" \/>\n<meta name=\"twitter:card\" content=\"summary_large_image\" \/>\n<meta name=\"twitter:label1\" content=\"Dur\u00e9e de lecture estim\u00e9e\" \/>\n\t<meta name=\"twitter:data1\" content=\"4 minutes\" \/>\n<script type=\"application\/ld+json\" class=\"yoast-schema-graph\">{\"@context\":\"https:\\\/\\\/schema.org\",\"@graph\":[{\"@type\":\"WebPage\",\"@id\":\"https:\\\/\\\/www.restaurantemena.es\\\/fr\\\/mas-informacion-sobre-las-cookies\\\/\",\"url\":\"https:\\\/\\\/www.restaurantemena.es\\\/fr\\\/mas-informacion-sobre-las-cookies\\\/\",\"name\":\"Plus d'informations sur les cookies - Restaurante Mena\",\"isPartOf\":{\"@id\":\"https:\\\/\\\/www.restaurantemena.es\\\/fr\\\/#website\"},\"datePublished\":\"2022-02-28T12:44:06+00:00\",\"dateModified\":\"2022-02-28T16:02:12+00:00\",\"breadcrumb\":{\"@id\":\"https:\\\/\\\/www.restaurantemena.es\\\/fr\\\/mas-informacion-sobre-las-cookies\\\/#breadcrumb\"},\"inLanguage\":\"fr-FR\",\"potentialAction\":[{\"@type\":\"ReadAction\",\"target\":[\"https:\\\/\\\/www.restaurantemena.es\\\/fr\\\/mas-informacion-sobre-las-cookies\\\/\"]}]},{\"@type\":\"BreadcrumbList\",\"@id\":\"https:\\\/\\\/www.restaurantemena.es\\\/fr\\\/mas-informacion-sobre-las-cookies\\\/#breadcrumb\",\"itemListElement\":[{\"@type\":\"ListItem\",\"position\":1,\"name\":\"Home\",\"item\":\"https:\\\/\\\/www.restaurantemena.es\\\/fr\\\/\"},{\"@type\":\"ListItem\",\"position\":2,\"name\":\"Plus d&#8217;informations sur les cookies\"}]},{\"@type\":\"WebSite\",\"@id\":\"https:\\\/\\\/www.restaurantemena.es\\\/fr\\\/#website\",\"url\":\"https:\\\/\\\/www.restaurantemena.es\\\/fr\\\/\",\"name\":\"Restaurante Mena\",\"description\":\"A bordo desde 1959. Final de les Rotes - D\u00e9nia\",\"potentialAction\":[{\"@type\":\"SearchAction\",\"target\":{\"@type\":\"EntryPoint\",\"urlTemplate\":\"https:\\\/\\\/www.restaurantemena.es\\\/fr\\\/?s={search_term_string}\"},\"query-input\":{\"@type\":\"PropertyValueSpecification\",\"valueRequired\":true,\"valueName\":\"search_term_string\"}}],\"inLanguage\":\"fr-FR\"}]}<\/script>\n<!-- \/ Yoast SEO plugin. -->","yoast_head_json":{"title":"Plus d'informations sur les cookies - Restaurante Mena","robots":{"index":"index","follow":"follow","max-snippet":"max-snippet:-1","max-image-preview":"max-image-preview:large","max-video-preview":"max-video-preview:-1"},"canonical":"https:\/\/www.restaurantemena.es\/fr\/mas-informacion-sobre-las-cookies\/","og_locale":"fr_FR","og_type":"article","og_title":"Plus d'informations sur les cookies - Restaurante Mena","og_description":"Qu&rsquo;est-ce qu&rsquo;un cookie\u00a0? Un cookie est un fichier texte inoffensif qui est stock\u00e9 dans votre navigateur lorsque vous visitez presque n&rsquo;importe quelle page Web. L&rsquo;utilit\u00e9 du cookie est que le site Web est capable de se souvenir de votre visite lorsque vous naviguez \u00e0 nouveau sur cette page. Bien que beaucoup de gens ne le [&hellip;]","og_url":"https:\/\/www.restaurantemena.es\/fr\/mas-informacion-sobre-las-cookies\/","og_site_name":"Restaurante Mena","article_modified_time":"2022-02-28T16:02:12+00:00","twitter_card":"summary_large_image","twitter_misc":{"Dur\u00e9e de lecture estim\u00e9e":"4 minutes"},"schema":{"@context":"https:\/\/schema.org","@graph":[{"@type":"WebPage","@id":"https:\/\/www.restaurantemena.es\/fr\/mas-informacion-sobre-las-cookies\/","url":"https:\/\/www.restaurantemena.es\/fr\/mas-informacion-sobre-las-cookies\/","name":"Plus d'informations sur les cookies - Restaurante Mena","isPartOf":{"@id":"https:\/\/www.restaurantemena.es\/fr\/#website"},"datePublished":"2022-02-28T12:44:06+00:00","dateModified":"2022-02-28T16:02:12+00:00","breadcrumb":{"@id":"https:\/\/www.restaurantemena.es\/fr\/mas-informacion-sobre-las-cookies\/#breadcrumb"},"inLanguage":"fr-FR","potentialAction":[{"@type":"ReadAction","target":["https:\/\/www.restaurantemena.es\/fr\/mas-informacion-sobre-las-cookies\/"]}]},{"@type":"BreadcrumbList","@id":"https:\/\/www.restaurantemena.es\/fr\/mas-informacion-sobre-las-cookies\/#breadcrumb","itemListElement":[{"@type":"ListItem","position":1,"name":"Home","item":"https:\/\/www.restaurantemena.es\/fr\/"},{"@type":"ListItem","position":2,"name":"Plus d&#8217;informations sur les cookies"}]},{"@type":"WebSite","@id":"https:\/\/www.restaurantemena.es\/fr\/#website","url":"https:\/\/www.restaurantemena.es\/fr\/","name":"Restaurante Mena","description":"A bordo desde 1959. Final de les Rotes - D\u00e9nia","potentialAction":[{"@type":"SearchAction","target":{"@type":"EntryPoint","urlTemplate":"https:\/\/www.restaurantemena.es\/fr\/?s={search_term_string}"},"query-input":{"@type":"PropertyValueSpecification","valueRequired":true,"valueName":"search_term_string"}}],"inLanguage":"fr-FR"}]}},"_links":{"self":[{"href":"https:\/\/www.restaurantemena.es\/fr\/wp-json\/wp\/v2\/pages\/5010","targetHints":{"allow":["GET"]}}],"collection":[{"href":"https:\/\/www.restaurantemena.es\/fr\/wp-json\/wp\/v2\/pages"}],"about":[{"href":"https:\/\/www.restaurantemena.es\/fr\/wp-json\/wp\/v2\/types\/page"}],"author":[{"embeddable":true,"href":"https:\/\/www.restaurantemena.es\/fr\/wp-json\/wp\/v2\/users\/1"}],"replies":[{"embeddable":true,"href":"https:\/\/www.restaurantemena.es\/fr\/wp-json\/wp\/v2\/comments?post=5010"}],"version-history":[{"count":1,"href":"https:\/\/www.restaurantemena.es\/fr\/wp-json\/wp\/v2\/pages\/5010\/revisions"}],"predecessor-version":[{"id":5019,"href":"https:\/\/www.restaurantemena.es\/fr\/wp-json\/wp\/v2\/pages\/5010\/revisions\/5019"}],"wp:attachment":[{"href":"https:\/\/www.restaurantemena.es\/fr\/wp-json\/wp\/v2\/media?parent=5010"}],"curies":[{"name":"wp","href":"https:\/\/api.w.org\/{rel}","templated":true}]}}