{"id":5009,"date":"2022-02-28T13:42:37","date_gmt":"2022-02-28T12:42:37","guid":{"rendered":"https:\/\/www.restaurantemena.es\/politique-de-cookies\/"},"modified":"2022-04-07T11:55:57","modified_gmt":"2022-04-07T09:55:57","slug":"politique-de-cookies","status":"publish","type":"page","link":"https:\/\/www.restaurantemena.es\/fr\/politique-de-cookies\/","title":{"rendered":"Politique de cookies"},"content":{"rendered":"<p>\nUn <em>cookie<\/em> est un petit fichier texte qui est enregistr\u00e9 dans votre navigateur lorsque vous visitez presque tous les sites web. Son utilit\u00e9 r\u00e9side dans le fait que le web peut se souvenir de votre visite lorsque vous revenez pour parcourir cette page. Le site  Les<em>cookies<\/em> enregistrent g\u00e9n\u00e9ralement des informations de nature technique, les pr\u00e9f\u00e9rences personnelles, la personnalisation du contenu, les statistiques d&rsquo;utilisation, les liens vers les r\u00e9seaux sociaux, l&rsquo;acc\u00e8s aux comptes d&rsquo;utilisateur, etc. L&rsquo;objectif du  Les<em>cookies<\/em> permettent d&rsquo;adapter le contenu du site \u00e0 votre profil et \u00e0 vos besoins, sans avoir \u00e0  <em>cookies<\/em>, les services offerts par chaque site seraient consid\u00e9rablement r\u00e9duits. Si vous souhaitez obtenir plus d&rsquo;informations sur ce que sont les <em>cookies<\/em>, ce qu&rsquo;ils stockent, comment les supprimer ou les d\u00e9sactiver, etc., <a href=\"https:\/\/www.restaurantemena.es\/fr\/mas-informacion-sobre-las-cookies\/\">veuillez cliquer sur ce lien.<\/a>\n<\/p>\n<h2>Cookies utilis\u00e9s sur ce site web<\/h2>\n<p>\nConform\u00e9ment aux directives de l&rsquo;Agence espagnole de protection des donn\u00e9es, nous continuons \u00e0 d\u00e9tailler l&rsquo;utilisation des <em>cookies<\/em> de ce site afin de vous informer le plus pr\u00e9cis\u00e9ment possible.\n<\/p>\n<p>\nCe site web utilise les <strong>propres cookies<\/strong> suivants :\n<\/p>\n<ul>\n<li>des cookies de session pour s&rsquo;assurer que les utilisateurs qui \u00e9crivent des commentaires sur le blog sont des humains et non des applications automatis\u00e9es. De cette mani\u00e8re, le <em>spam<\/em> est combattu.<\/li>\n<\/ul>\n<p>\nCe site utilise les <strong>cookies de tiers<\/strong> suivants :<\/p>\n<ul>\n<li>Google Analytics : stocke <em>des cookies<\/em> afin d&rsquo;\u00e9tablir des statistiques sur le trafic et le volume des visites sur ce site. En utilisant ce site, vous acceptez le traitement des informations vous concernant par Google. Par cons\u00e9quent, l&rsquo;exercice de tous les droits y aff\u00e9rents doit se faire par communication directe avec Google.<\/li>\n<li>R\u00e9seaux sociaux : chaque r\u00e9seau social utilise ses propres <em>cookies<\/em> pour vous permettre de cliquer sur des boutons de type <em>J&rsquo;aime<\/em> ou <em>Partager<\/em>.<\/em> li&gt;\n<\/ul>\n<h2>D\u00e9sactivation ou \u00e9limination des cookies<\/h2>\n<p>\nVous pouvez \u00e0 tout moment exercer votre droit de d\u00e9sactiver ou de supprimer les cookies de ce site. Ces actions sont effectu\u00e9es diff\u00e9remment selon le navigateur utilis\u00e9. <a href=\"https:\/\/www.restaurantemena.es\/fr\/mas-informacion-sobre-las-cookies\/#browsers\">Vous trouverez ici un guide rapide pour les navigateurs les plus populaires<\/a>.\n<\/p>\n<h2>Remarques suppl\u00e9mentaires<\/h2>\n<\/p>\n<ul>\n<li>\nNi ce site ni ses repr\u00e9sentants l\u00e9gaux ne sont responsables du contenu ou de l&rsquo;exactitude des politiques de confidentialit\u00e9 que les tiers mentionn\u00e9s dans cette <em>politique de cookies<\/em> peuvent avoir.\n<\/li>\n<li>\nLes navigateurs web sont les outils responsables du stockage des <em>cookies<\/em> et c&rsquo;est \u00e0 partir de l\u00e0 que vous devez exercer votre droit de les supprimer ou de les d\u00e9sactiver. Ni ce site ni ses repr\u00e9sentants l\u00e9gaux ne peuvent garantir la gestion correcte ou incorrecte des <em>cookies<\/em> par les navigateurs susmentionn\u00e9s.\n<\/li>\n<li>\nDans certains cas, il est n\u00e9cessaire d&rsquo;installer <em>des cookies<\/em> pour que le navigateur n&rsquo;oublie pas votre d\u00e9cision de ne pas les accepter.\n<\/li>\n<li>\nDans le cas des <em>cookies<\/em> de Google Analytics, cette soci\u00e9t\u00e9 stocke les <em>cookies<\/em> sur des serveurs situ\u00e9s aux \u00c9tats-Unis et s&rsquo;engage \u00e0 ne pas les divulguer \u00e0 des tiers, sauf dans les cas o\u00f9 cela est n\u00e9cessaire au fonctionnement du syst\u00e8me ou si la loi l&rsquo;exige. Selon Google, votre adresse IP n&rsquo;est pas enregistr\u00e9e. Google Inc. est une entreprise qui adh\u00e8re \u00e0 l&rsquo;accord Safe Harbor, qui garantit que toutes les donn\u00e9es transf\u00e9r\u00e9es sont trait\u00e9es avec un niveau de protection \u00e9quivalent \u00e0 la r\u00e9glementation europ\u00e9enne. Vous trouverez des informations d\u00e9taill\u00e9es \u00e0 ce sujet <a href=\"http:\/\/safeharbor.export.gov\/companyinfo.aspx?id=16626\" target=\"_blank\" rel=\"noopener noreferrer\">en cliquant sur ce lien<\/a>. Si vous souhaitez des informations sur l&rsquo;utilisation des cookies par Google <a href=\"https:\/\/developers.google.com\/analytics\/devguides\/collection\/analyticsjs\/cookie-usage?hl=es&amp;csw=1\" target=\"_blank\" rel=\"noopener noreferrer\">nous ajoutons cet autre lien<\/a>.\n<\/li>\n<li>\nSi vous avez des questions concernant cette <em>politique en mati\u00e8re de cookies<\/em>, n&rsquo;h\u00e9sitez pas \u00e0 nous contacter via la section contact.<\/a>\n<\/li>\n<\/ul>\n<p>\nCookie Advisor est un <a href=\"http:\/\/wordpress.org\/plugins\/asesor-cookies-para-la-ley-en-espana\/\" target=\"_blank\" rel=\"noopener noreferrer\">plugin pour WordPress <\/a><\/p>\n","protected":false},"excerpt":{"rendered":"<p>Un cookie est un petit fichier texte qui est enregistr\u00e9 dans votre navigateur lorsque vous visitez presque tous les sites web. Son utilit\u00e9 r\u00e9side dans le fait que le web peut se souvenir de votre visite lorsque vous revenez pour parcourir cette page. Le site Lescookies enregistrent g\u00e9n\u00e9ralement des informations de nature technique, les pr\u00e9f\u00e9rences [&hellip;]<\/p>\n","protected":false},"author":1,"featured_media":0,"parent":0,"menu_order":0,"comment_status":"closed","ping_status":"closed","template":"blog-attika","meta":{"footnotes":""},"class_list":["post-5009","page","type-page","status-publish","hentry"],"yoast_head":"<!-- This site is optimized with the Yoast SEO plugin v27.4 - https:\/\/yoast.com\/product\/yoast-seo-wordpress\/ -->\n<title>Politique de cookies - Restaurante Mena<\/title>\n<meta name=\"robots\" content=\"index, follow, max-snippet:-1, max-image-preview:large, max-video-preview:-1\" \/>\n<link rel=\"canonical\" href=\"https:\/\/www.restaurantemena.es\/fr\/politique-de-cookies\/\" \/>\n<meta property=\"og:locale\" content=\"fr_FR\" \/>\n<meta property=\"og:type\" content=\"article\" \/>\n<meta property=\"og:title\" content=\"Politique de cookies - Restaurante Mena\" \/>\n<meta property=\"og:description\" content=\"Un cookie est un petit fichier texte qui est enregistr\u00e9 dans votre navigateur lorsque vous visitez presque tous les sites web. Son utilit\u00e9 r\u00e9side dans le fait que le web peut se souvenir de votre visite lorsque vous revenez pour parcourir cette page. Le site Lescookies enregistrent g\u00e9n\u00e9ralement des informations de nature technique, les pr\u00e9f\u00e9rences [&hellip;]\" \/>\n<meta property=\"og:url\" content=\"https:\/\/www.restaurantemena.es\/fr\/politique-de-cookies\/\" \/>\n<meta property=\"og:site_name\" content=\"Restaurante Mena\" \/>\n<meta property=\"article:modified_time\" content=\"2022-04-07T09:55:57+00:00\" \/>\n<meta name=\"twitter:card\" content=\"summary_large_image\" \/>\n<meta name=\"twitter:label1\" content=\"Dur\u00e9e de lecture estim\u00e9e\" \/>\n\t<meta name=\"twitter:data1\" content=\"3 minutes\" \/>\n<script type=\"application\/ld+json\" class=\"yoast-schema-graph\">{\"@context\":\"https:\\\/\\\/schema.org\",\"@graph\":[{\"@type\":\"WebPage\",\"@id\":\"https:\\\/\\\/www.restaurantemena.es\\\/fr\\\/politique-de-cookies\\\/\",\"url\":\"https:\\\/\\\/www.restaurantemena.es\\\/fr\\\/politique-de-cookies\\\/\",\"name\":\"Politique de cookies - Restaurante Mena\",\"isPartOf\":{\"@id\":\"https:\\\/\\\/www.restaurantemena.es\\\/fr\\\/#website\"},\"datePublished\":\"2022-02-28T12:42:37+00:00\",\"dateModified\":\"2022-04-07T09:55:57+00:00\",\"breadcrumb\":{\"@id\":\"https:\\\/\\\/www.restaurantemena.es\\\/fr\\\/politique-de-cookies\\\/#breadcrumb\"},\"inLanguage\":\"fr-FR\",\"potentialAction\":[{\"@type\":\"ReadAction\",\"target\":[\"https:\\\/\\\/www.restaurantemena.es\\\/fr\\\/politique-de-cookies\\\/\"]}]},{\"@type\":\"BreadcrumbList\",\"@id\":\"https:\\\/\\\/www.restaurantemena.es\\\/fr\\\/politique-de-cookies\\\/#breadcrumb\",\"itemListElement\":[{\"@type\":\"ListItem\",\"position\":1,\"name\":\"Home\",\"item\":\"https:\\\/\\\/www.restaurantemena.es\\\/fr\\\/\"},{\"@type\":\"ListItem\",\"position\":2,\"name\":\"Politique de cookies\"}]},{\"@type\":\"WebSite\",\"@id\":\"https:\\\/\\\/www.restaurantemena.es\\\/fr\\\/#website\",\"url\":\"https:\\\/\\\/www.restaurantemena.es\\\/fr\\\/\",\"name\":\"Restaurante Mena\",\"description\":\"A bordo desde 1959. Final de les Rotes - D\u00e9nia\",\"potentialAction\":[{\"@type\":\"SearchAction\",\"target\":{\"@type\":\"EntryPoint\",\"urlTemplate\":\"https:\\\/\\\/www.restaurantemena.es\\\/fr\\\/?s={search_term_string}\"},\"query-input\":{\"@type\":\"PropertyValueSpecification\",\"valueRequired\":true,\"valueName\":\"search_term_string\"}}],\"inLanguage\":\"fr-FR\"}]}<\/script>\n<!-- \/ Yoast SEO plugin. -->","yoast_head_json":{"title":"Politique de cookies - Restaurante Mena","robots":{"index":"index","follow":"follow","max-snippet":"max-snippet:-1","max-image-preview":"max-image-preview:large","max-video-preview":"max-video-preview:-1"},"canonical":"https:\/\/www.restaurantemena.es\/fr\/politique-de-cookies\/","og_locale":"fr_FR","og_type":"article","og_title":"Politique de cookies - Restaurante Mena","og_description":"Un cookie est un petit fichier texte qui est enregistr\u00e9 dans votre navigateur lorsque vous visitez presque tous les sites web. Son utilit\u00e9 r\u00e9side dans le fait que le web peut se souvenir de votre visite lorsque vous revenez pour parcourir cette page. Le site Lescookies enregistrent g\u00e9n\u00e9ralement des informations de nature technique, les pr\u00e9f\u00e9rences [&hellip;]","og_url":"https:\/\/www.restaurantemena.es\/fr\/politique-de-cookies\/","og_site_name":"Restaurante Mena","article_modified_time":"2022-04-07T09:55:57+00:00","twitter_card":"summary_large_image","twitter_misc":{"Dur\u00e9e de lecture estim\u00e9e":"3 minutes"},"schema":{"@context":"https:\/\/schema.org","@graph":[{"@type":"WebPage","@id":"https:\/\/www.restaurantemena.es\/fr\/politique-de-cookies\/","url":"https:\/\/www.restaurantemena.es\/fr\/politique-de-cookies\/","name":"Politique de cookies - Restaurante Mena","isPartOf":{"@id":"https:\/\/www.restaurantemena.es\/fr\/#website"},"datePublished":"2022-02-28T12:42:37+00:00","dateModified":"2022-04-07T09:55:57+00:00","breadcrumb":{"@id":"https:\/\/www.restaurantemena.es\/fr\/politique-de-cookies\/#breadcrumb"},"inLanguage":"fr-FR","potentialAction":[{"@type":"ReadAction","target":["https:\/\/www.restaurantemena.es\/fr\/politique-de-cookies\/"]}]},{"@type":"BreadcrumbList","@id":"https:\/\/www.restaurantemena.es\/fr\/politique-de-cookies\/#breadcrumb","itemListElement":[{"@type":"ListItem","position":1,"name":"Home","item":"https:\/\/www.restaurantemena.es\/fr\/"},{"@type":"ListItem","position":2,"name":"Politique de cookies"}]},{"@type":"WebSite","@id":"https:\/\/www.restaurantemena.es\/fr\/#website","url":"https:\/\/www.restaurantemena.es\/fr\/","name":"Restaurante Mena","description":"A bordo desde 1959. Final de les Rotes - D\u00e9nia","potentialAction":[{"@type":"SearchAction","target":{"@type":"EntryPoint","urlTemplate":"https:\/\/www.restaurantemena.es\/fr\/?s={search_term_string}"},"query-input":{"@type":"PropertyValueSpecification","valueRequired":true,"valueName":"search_term_string"}}],"inLanguage":"fr-FR"}]}},"_links":{"self":[{"href":"https:\/\/www.restaurantemena.es\/fr\/wp-json\/wp\/v2\/pages\/5009","targetHints":{"allow":["GET"]}}],"collection":[{"href":"https:\/\/www.restaurantemena.es\/fr\/wp-json\/wp\/v2\/pages"}],"about":[{"href":"https:\/\/www.restaurantemena.es\/fr\/wp-json\/wp\/v2\/types\/page"}],"author":[{"embeddable":true,"href":"https:\/\/www.restaurantemena.es\/fr\/wp-json\/wp\/v2\/users\/1"}],"replies":[{"embeddable":true,"href":"https:\/\/www.restaurantemena.es\/fr\/wp-json\/wp\/v2\/comments?post=5009"}],"version-history":[{"count":3,"href":"https:\/\/www.restaurantemena.es\/fr\/wp-json\/wp\/v2\/pages\/5009\/revisions"}],"predecessor-version":[{"id":5155,"href":"https:\/\/www.restaurantemena.es\/fr\/wp-json\/wp\/v2\/pages\/5009\/revisions\/5155"}],"wp:attachment":[{"href":"https:\/\/www.restaurantemena.es\/fr\/wp-json\/wp\/v2\/media?parent=5009"}],"curies":[{"name":"wp","href":"https:\/\/api.w.org\/{rel}","templated":true}]}}