{"id":5160,"date":"2022-04-07T12:05:51","date_gmt":"2022-04-07T10:05:51","guid":{"rendered":"https:\/\/www.restaurantemena.es\/datenschutzbestimmungen\/"},"modified":"2022-04-07T12:05:51","modified_gmt":"2022-04-07T10:05:51","slug":"datenschutzbestimmungen","status":"publish","type":"page","link":"https:\/\/www.restaurantemena.es\/de\/datenschutzbestimmungen\/","title":{"rendered":"Datenschutzbestimmungen"},"content":{"rendered":"<p>Diese Datenschutzrichtlinie steht im Einklang mit der Verordnung (EU) 2016\/679 des Europ\u00e4ischen Parlaments und des Rates vom 27. April 2016 zum Schutz nat\u00fcrlicher Personen bei der Verarbeitung personenbezogener Daten und zum freien Datenverkehr (RGPD), Organgesetz 3\/2018 vom 5. Dezember, \u00fcber den Schutz personenbezogener Daten und die Gew\u00e4hrleistung digitaler Rechte (LOPDGDD) sowie, soweit dies nicht im Widerspruch zu den vorgenannten Vorschriften steht, zum Organgesetz 15\/1999 \u00fcber den Schutz personenbezogener Daten (LOPD) und seinen Durchf\u00fchrungsbestimmungen und\/oder denjenigen, die diese in Zukunft ersetzen oder aktualisieren werden.<br \/>\nUnsere Organisation ist dem Schutz Ihrer pers\u00f6nlichen Daten verpflichtet. Die zur Verf\u00fcgung gestellten personenbezogenen Daten sind f\u00fcr die Erbringung unserer Dienstleistungen erforderlich und werden auf rechtm\u00e4\u00dfige, faire und transparente Weise verarbeitet, wobei eine angemessene Sicherheit der Daten gew\u00e4hrleistet wird, einschlie\u00dflich des Schutzes vor unbefugter oder unrechtm\u00e4\u00dfiger Verarbeitung und vor zuf\u00e4lligem Verlust, Zerst\u00f6rung oder Besch\u00e4digung durch technische und organisatorische Ma\u00dfnahmen.<br \/>\nWir m\u00f6chten Ihnen alle notwendigen Informationen \u00fcber die Verarbeitung Ihrer personenbezogenen Daten durch diese Organisation auf transparente und faire Weise zur Verf\u00fcgung stellen.<\/p>\n<h3>Rechtsgrundlage f\u00fcr die Verarbeitung Ihrer personenbezogenen Daten<\/h3>\n<p>F\u00fcr jede spezifische Verarbeitung personenbezogener Daten, die \u00fcber Sie erhoben werden, werden wir Sie \u00fcber die Rechtsgrundlage f\u00fcr die Verarbeitung Ihrer personenbezogenen Daten informieren.<\/p>\n<h3>Rechte<\/h3>\n<h4>Recht auf Zugang<\/h4>\n<p>das Recht, von dem f\u00fcr die Verarbeitung Verantwortlichen eine Best\u00e4tigung dar\u00fcber zu erhalten, ob personenbezogene Daten der betroffenen Person verarbeitet werden oder nicht, und, falls dies der Fall ist, das Recht auf Zugang zu den personenbezogenen Daten und auf die folgenden Informationen: die Zwecke der Verarbeitung, die betroffenen Kategorien personenbezogener Daten, die Empf\u00e4nger oder Kategorien von Empf\u00e4ngern, an die die personenbezogenen Daten weitergegeben wurden oder werden, die Dauer der Speicherung oder die Kriterien f\u00fcr die Festlegung dieser Dauer, das Bestehen des Rechts, von dem f\u00fcr die Verarbeitung Verantwortlichen die Berichtigung oder L\u00f6schung personenbezogener Daten oder die Einschr\u00e4nkung oder den Widerspruch gegen die Verarbeitung personenbezogener Daten der betroffenen Person zu verlangen, das Recht, eine Beschwerde bei der spanischen Datenschutzbeh\u00f6rde (AEPD) einzureichen, das Vorhandensein von automatisierten Entscheidungen, einschlie\u00dflich Profiling, wenn Daten in Drittl\u00e4nder \u00fcbermittelt werden das Recht, \u00fcber die angewandten angemessenen Garantien informiert zu werden.<\/p>\n<h4>Recht auf Berichtigung<\/h4>\n<p>Sie haben das Recht, die Berichtigung Ihrer personenbezogenen Daten zu verlangen, wenn diese unrichtig sind, einschlie\u00dflich des Rechts, unvollst\u00e4ndige Daten zu erg\u00e4nzen. Bitte beachten Sie, dass Sie, wenn Sie uns personenbezogene Daten zur Verf\u00fcgung stellen, garantieren, dass diese wahrheitsgetreu und korrekt sind, und dass Sie sich verpflichten, uns \u00fcber alle \u00c4nderungen oder Modifikationen dieser Daten zu informieren. F\u00fcr Sch\u00e4den, die durch die \u00dcbermittlung falscher, ungenauer oder unvollst\u00e4ndiger Angaben in den Formularen der Website verursacht werden, ist daher allein der Interessent verantwortlich.<\/p>\n<h4>Recht auf Unterdr\u00fcckung<\/h4>\n<p>Dies ist das Recht, die L\u00f6schung Ihrer personenbezogenen Daten zu verlangen, wenn sie u. a. f\u00fcr den Zweck, f\u00fcr den sie erhoben wurden, nicht mehr erforderlich sind oder anderweitig verarbeitet werden oder Sie Ihre Einwilligung widerrufen. Es ist zu beachten, dass die L\u00f6schung nicht erfolgt, wenn die Verarbeitung personenbezogener Daten unter anderem zur Erf\u00fcllung rechtlicher Verpflichtungen oder zur Geltendmachung, Aus\u00fcbung oder Verteidigung von Rechtsanspr\u00fcchen erforderlich ist.<\/p>\n<h4>Recht auf Verj\u00e4hrung<\/h4>\n<p>Dies ist das Recht, eine Einschr\u00e4nkung der Verarbeitung Ihrer personenbezogenen Daten zu verlangen, d. h. Sie k\u00f6nnen uns in bestimmten F\u00e4llen auffordern, die Verarbeitung Ihrer personenbezogenen Daten vor\u00fcbergehend einzustellen oder sie l\u00e4nger als n\u00f6tig aufzubewahren, wenn Sie sie brauchen k\u00f6nnten.<\/p>\n<h4>Recht auf Widerruf der Zustimmung<\/h4>\n<p>Sie haben das Recht, Ihre Zustimmung zu widerrufen, indem Sie das H\u00e4kchen bei &#8222;Ich habe die Datenschutzbestimmungen gelesen und akzeptiere sie&#8220; setzen, und zwar jederzeit und wie im entsprechenden Abschnitt &#8222;Aus\u00fcbung der Rechte&#8220; oder in der spezifischen Verarbeitung von kommerziellen Mitteilungen oder Newsletter angegeben. Bitte beachten Sie, dass dieses Recht nicht gilt, wenn die Verarbeitung personenbezogener Daten unter anderem zur Erf\u00fcllung einer rechtlichen Verpflichtung, zur Erf\u00fcllung und Aufrechterhaltung eines Vertragsverh\u00e4ltnisses oder zur Geltendmachung, Aus\u00fcbung oder Verteidigung von Rechtsanspr\u00fcchen erforderlich ist. Dar\u00fcber hinaus hat der Widerruf der Einwilligung keine r\u00fcckwirkenden Auswirkungen, d. h. er ber\u00fchrt nicht die Rechtm\u00e4\u00dfigkeit der Verarbeitung auf der Grundlage der Einwilligung vor deren Widerruf.<\/p>\n<h4>Recht auf Einreichung einer Beschwerde bei einer Aufsichtsbeh\u00f6rde<\/h4>\n<p>Wenn Sie der Meinung sind, dass wir Ihre personenbezogenen Daten nicht ordnungsgem\u00e4\u00df verarbeiten, k\u00f6nnen Sie sich an uns wenden. Sie haben auch das Recht, eine Beschwerde bei der zust\u00e4ndigen Datenschutzbeh\u00f6rde einzureichen.<\/p>\n<h4>Recht auf \u00dcbertragbarkeit<\/h4>\n<p>Dies ist das Recht, die Sie betreffenden personenbezogenen Daten, die Sie uns zur Verf\u00fcgung gestellt haben, in einem strukturierten, g\u00e4ngigen und maschinenlesbaren Format zu erhalten und sie an einen anderen f\u00fcr die Verarbeitung Verantwortlichen zu \u00fcbermitteln, sofern: die Verarbeitung auf Ihrer Einwilligung beruht und mit automatisierten oder computergest\u00fctzten Mitteln erfolgt.<\/p>\n<h4>Widerspruchsrecht<\/h4>\n<p>Dies ist das Recht, der Verarbeitung Ihrer personenbezogenen Daten auf der Grundlage unseres berechtigten Interesses zu widersprechen. Wir verarbeiten Ihre personenbezogenen Daten nicht mehr, es sei denn, wir k\u00f6nnen zwingende schutzw\u00fcrdige Gr\u00fcnde f\u00fcr die Verarbeitung nachweisen, die Ihre Interessen, Rechte und Freiheiten \u00fcberwiegen, oder sie dienen der Feststellung, Aus\u00fcbung oder Verteidigung von Anspr\u00fcchen.<\/p>\n<h4>Aus\u00fcbung der Rechte<\/h4>\n<p>Wenn Sie der Meinung sind, dass wir Ihre personenbezogenen Daten nicht korrekt verarbeiten, k\u00f6nnen Sie sich an uns wenden oder Sie haben das Recht, eine Beschwerde bei der spanischen Datenschutzbeh\u00f6rde (AEPD) einzureichen:<br \/>\n<a href=\"https:\/\/www.agpd.es\/portalwebAGPD\/index-ides-idphp.php\">https:\/\/www.agpd.es\/portalwebAGPD\/index-ides-idphp.php<\/a><\/p>\n<h3>Verarbeitung von personenbezogenen Daten<\/h3>\n<h4>Allgemeine Bestimmungen<\/h4>\n<p>Die bei den einzelnen Verarbeitungen angeforderten personenbezogenen Daten entsprechen dem Grundsatz der Datenminimierung, sind sachdienlich und auf das f\u00fcr die Zwecke, f\u00fcr die sie verarbeitet werden, erforderliche Ma\u00df beschr\u00e4nkt.<br \/>\nDie bei den einzelnen Verarbeitungen angeforderten personenbezogenen Daten sind unbedingt erforderlich; ihre Verweigerung w\u00fcrde dazu f\u00fchren, dass wir die angeforderte Dienstleistung nicht erbringen k\u00f6nnen.<br \/>\nDie in den einzelnen Verarbeitungsvorg\u00e4ngen vorgesehenen \u00dcbermittlungen personenbezogener Daten sind in einigen F\u00e4llen f\u00fcr die Erf\u00fcllung und Aufrechterhaltung eines Vertrags und in anderen F\u00e4llen f\u00fcr die Erf\u00fcllung einer f\u00fcr den f\u00fcr die Verarbeitung Verantwortlichen geltenden rechtlichen Verpflichtung erforderlich.<\/p>\n<h4>Kontakt-Formular<\/h4>\n<p>Personenbezogene Daten werden verarbeitet, um Informationsanfragen, Anregungen und Beschwerden von Nutzern oder Kunden zu bearbeiten.<br \/>\nDie Rechtsgrundlage, die die Verarbeitung personenbezogener Daten legitimiert, ist die ausdr\u00fcckliche Zustimmung durch Ankreuzen von &#8222;Ich habe die Datenschutzbestimmungen gelesen und akzeptiere sie&#8220;.<br \/>\nPersonenbezogene Daten werden unbeschadet der Aus\u00fcbung Ihrer Rechte als betroffene Person f\u00fcr einen Zeitraum von zwei Jahren nach Beendigung der Verarbeitung aufbewahrt.<\/p>\n<h4>Formular f\u00fcr kommerzielle Mitteilungen oder Newsletter<\/h4>\n<p>Die personenbezogenen Daten werden verarbeitet, um das Abonnement unseres Newsletters zu verwalten, einschlie\u00dflich der Zusendung von personalisierten Informationen \u00fcber unsere Produkte oder Dienstleistungen \u00fcber verschiedene Wege wie Telefon, E-Mail, SMS, Anwendungen f\u00fcr mobile Ger\u00e4te sowie \u00fcber jedes analoge Verfahren. Es ist zu beachten, dass diese Art der Datenverarbeitung die Analyse Ihres Nutzerprofils beinhalten kann, um Ihre Pr\u00e4ferenzen zu ermitteln und Ihnen Informationen zu liefern, die Ihren Interessen besser entsprechen.<br \/>\nSie k\u00f6nnen sich von dieser Art der Verarbeitung je nach dem verwendeten Mittel wie folgt abmelden:<\/p>\n<ul>\n<li>E-Mail: \u00dcber den entsprechenden Link, den Sie in jeder der elektronischen Mitteilungen finden, oder \u00fcber ein \u00e4hnliches Verfahren, das in der kommerziellen Mitteilung angegeben ist.<\/li>\n<li>WhatsApp (andere Apps): Aufforderung zur Abmeldung.<\/li>\n<li>SMS: Bitte um Abmeldung.<\/li>\n<\/ul>\n<p>Die Rechtsgrundlage f\u00fcr die Verarbeitung personenbezogener Daten ist die ausdr\u00fcckliche Zustimmung: durch Ankreuzen des Vermerks &#8222;Ich habe die Datenschutzerkl\u00e4rung gelesen und akzeptiere sie&#8220; auf der Website, durch ein physisches Dokument oder per E-Mail, je nachdem.<br \/>\nBitte beachten Sie, dass bei der Nutzung von WhatsApp personenbezogene Daten an WhatsApp Ireland Limited mit Sitz im EWR \u00fcbermittelt werden.<br \/>\nDie personenbezogenen Daten werden so lange aufbewahrt, wie Sie Ihre Zustimmung nicht in der in diesem Absatz beschriebenen Weise widerrufen.<\/p>\n","protected":false},"excerpt":{"rendered":"<p>Diese Datenschutzrichtlinie steht im Einklang mit der Verordnung (EU) 2016\/679 des Europ\u00e4ischen Parlaments und des Rates vom 27. April 2016 zum Schutz nat\u00fcrlicher Personen bei der Verarbeitung personenbezogener Daten und zum freien Datenverkehr (RGPD), Organgesetz 3\/2018 vom 5. Dezember, \u00fcber den Schutz personenbezogener Daten und die Gew\u00e4hrleistung digitaler Rechte (LOPDGDD) sowie, soweit dies nicht im [&hellip;]<\/p>\n","protected":false},"author":1,"featured_media":0,"parent":0,"menu_order":0,"comment_status":"closed","ping_status":"open","template":"","meta":{"footnotes":""},"class_list":["post-5160","page","type-page","status-publish","hentry"],"yoast_head":"<!-- This site is optimized with the Yoast SEO plugin v27.4 - https:\/\/yoast.com\/product\/yoast-seo-wordpress\/ -->\n<title>Datenschutzbestimmungen - Restaurante Mena<\/title>\n<meta name=\"robots\" content=\"index, follow, max-snippet:-1, max-image-preview:large, max-video-preview:-1\" \/>\n<link rel=\"canonical\" href=\"https:\/\/www.restaurantemena.es\/de\/datenschutzbestimmungen\/\" \/>\n<meta property=\"og:locale\" content=\"de_DE\" \/>\n<meta property=\"og:type\" content=\"article\" \/>\n<meta property=\"og:title\" content=\"Datenschutzbestimmungen - Restaurante Mena\" \/>\n<meta property=\"og:description\" content=\"Diese Datenschutzrichtlinie steht im Einklang mit der Verordnung (EU) 2016\/679 des Europ\u00e4ischen Parlaments und des Rates vom 27. April 2016 zum Schutz nat\u00fcrlicher Personen bei der Verarbeitung personenbezogener Daten und zum freien Datenverkehr (RGPD), Organgesetz 3\/2018 vom 5. Dezember, \u00fcber den Schutz personenbezogener Daten und die Gew\u00e4hrleistung digitaler Rechte (LOPDGDD) sowie, soweit dies nicht im [&hellip;]\" \/>\n<meta property=\"og:url\" content=\"https:\/\/www.restaurantemena.es\/de\/datenschutzbestimmungen\/\" \/>\n<meta property=\"og:site_name\" content=\"Restaurante Mena\" \/>\n<meta name=\"twitter:card\" content=\"summary_large_image\" \/>\n<meta name=\"twitter:label1\" content=\"Gesch\u00e4tzte Lesezeit\" \/>\n\t<meta name=\"twitter:data1\" content=\"7\u00a0Minuten\" \/>\n<script type=\"application\/ld+json\" class=\"yoast-schema-graph\">{\"@context\":\"https:\\\/\\\/schema.org\",\"@graph\":[{\"@type\":\"WebPage\",\"@id\":\"https:\\\/\\\/www.restaurantemena.es\\\/de\\\/datenschutzbestimmungen\\\/\",\"url\":\"https:\\\/\\\/www.restaurantemena.es\\\/de\\\/datenschutzbestimmungen\\\/\",\"name\":\"Datenschutzbestimmungen - Restaurante Mena\",\"isPartOf\":{\"@id\":\"https:\\\/\\\/www.restaurantemena.es\\\/de\\\/#website\"},\"datePublished\":\"2022-04-07T10:05:51+00:00\",\"breadcrumb\":{\"@id\":\"https:\\\/\\\/www.restaurantemena.es\\\/de\\\/datenschutzbestimmungen\\\/#breadcrumb\"},\"inLanguage\":\"de\",\"potentialAction\":[{\"@type\":\"ReadAction\",\"target\":[\"https:\\\/\\\/www.restaurantemena.es\\\/de\\\/datenschutzbestimmungen\\\/\"]}]},{\"@type\":\"BreadcrumbList\",\"@id\":\"https:\\\/\\\/www.restaurantemena.es\\\/de\\\/datenschutzbestimmungen\\\/#breadcrumb\",\"itemListElement\":[{\"@type\":\"ListItem\",\"position\":1,\"name\":\"Home\",\"item\":\"https:\\\/\\\/www.restaurantemena.es\\\/de\\\/\"},{\"@type\":\"ListItem\",\"position\":2,\"name\":\"Datenschutzbestimmungen\"}]},{\"@type\":\"WebSite\",\"@id\":\"https:\\\/\\\/www.restaurantemena.es\\\/de\\\/#website\",\"url\":\"https:\\\/\\\/www.restaurantemena.es\\\/de\\\/\",\"name\":\"Restaurante Mena\",\"description\":\"A bordo desde 1959. Final de les Rotes - D\u00e9nia\",\"potentialAction\":[{\"@type\":\"SearchAction\",\"target\":{\"@type\":\"EntryPoint\",\"urlTemplate\":\"https:\\\/\\\/www.restaurantemena.es\\\/de\\\/?s={search_term_string}\"},\"query-input\":{\"@type\":\"PropertyValueSpecification\",\"valueRequired\":true,\"valueName\":\"search_term_string\"}}],\"inLanguage\":\"de\"}]}<\/script>\n<!-- \/ Yoast SEO plugin. -->","yoast_head_json":{"title":"Datenschutzbestimmungen - Restaurante Mena","robots":{"index":"index","follow":"follow","max-snippet":"max-snippet:-1","max-image-preview":"max-image-preview:large","max-video-preview":"max-video-preview:-1"},"canonical":"https:\/\/www.restaurantemena.es\/de\/datenschutzbestimmungen\/","og_locale":"de_DE","og_type":"article","og_title":"Datenschutzbestimmungen - Restaurante Mena","og_description":"Diese Datenschutzrichtlinie steht im Einklang mit der Verordnung (EU) 2016\/679 des Europ\u00e4ischen Parlaments und des Rates vom 27. April 2016 zum Schutz nat\u00fcrlicher Personen bei der Verarbeitung personenbezogener Daten und zum freien Datenverkehr (RGPD), Organgesetz 3\/2018 vom 5. Dezember, \u00fcber den Schutz personenbezogener Daten und die Gew\u00e4hrleistung digitaler Rechte (LOPDGDD) sowie, soweit dies nicht im [&hellip;]","og_url":"https:\/\/www.restaurantemena.es\/de\/datenschutzbestimmungen\/","og_site_name":"Restaurante Mena","twitter_card":"summary_large_image","twitter_misc":{"Gesch\u00e4tzte Lesezeit":"7\u00a0Minuten"},"schema":{"@context":"https:\/\/schema.org","@graph":[{"@type":"WebPage","@id":"https:\/\/www.restaurantemena.es\/de\/datenschutzbestimmungen\/","url":"https:\/\/www.restaurantemena.es\/de\/datenschutzbestimmungen\/","name":"Datenschutzbestimmungen - Restaurante Mena","isPartOf":{"@id":"https:\/\/www.restaurantemena.es\/de\/#website"},"datePublished":"2022-04-07T10:05:51+00:00","breadcrumb":{"@id":"https:\/\/www.restaurantemena.es\/de\/datenschutzbestimmungen\/#breadcrumb"},"inLanguage":"de","potentialAction":[{"@type":"ReadAction","target":["https:\/\/www.restaurantemena.es\/de\/datenschutzbestimmungen\/"]}]},{"@type":"BreadcrumbList","@id":"https:\/\/www.restaurantemena.es\/de\/datenschutzbestimmungen\/#breadcrumb","itemListElement":[{"@type":"ListItem","position":1,"name":"Home","item":"https:\/\/www.restaurantemena.es\/de\/"},{"@type":"ListItem","position":2,"name":"Datenschutzbestimmungen"}]},{"@type":"WebSite","@id":"https:\/\/www.restaurantemena.es\/de\/#website","url":"https:\/\/www.restaurantemena.es\/de\/","name":"Restaurante Mena","description":"A bordo desde 1959. Final de les Rotes - D\u00e9nia","potentialAction":[{"@type":"SearchAction","target":{"@type":"EntryPoint","urlTemplate":"https:\/\/www.restaurantemena.es\/de\/?s={search_term_string}"},"query-input":{"@type":"PropertyValueSpecification","valueRequired":true,"valueName":"search_term_string"}}],"inLanguage":"de"}]}},"_links":{"self":[{"href":"https:\/\/www.restaurantemena.es\/de\/wp-json\/wp\/v2\/pages\/5160","targetHints":{"allow":["GET"]}}],"collection":[{"href":"https:\/\/www.restaurantemena.es\/de\/wp-json\/wp\/v2\/pages"}],"about":[{"href":"https:\/\/www.restaurantemena.es\/de\/wp-json\/wp\/v2\/types\/page"}],"author":[{"embeddable":true,"href":"https:\/\/www.restaurantemena.es\/de\/wp-json\/wp\/v2\/users\/1"}],"replies":[{"embeddable":true,"href":"https:\/\/www.restaurantemena.es\/de\/wp-json\/wp\/v2\/comments?post=5160"}],"version-history":[{"count":0,"href":"https:\/\/www.restaurantemena.es\/de\/wp-json\/wp\/v2\/pages\/5160\/revisions"}],"wp:attachment":[{"href":"https:\/\/www.restaurantemena.es\/de\/wp-json\/wp\/v2\/media?parent=5160"}],"curies":[{"name":"wp","href":"https:\/\/api.w.org\/{rel}","templated":true}]}}