{"id":4239,"date":"2020-03-03T17:16:36","date_gmt":"2020-03-03T16:16:36","guid":{"rendered":"https:\/\/www.restaurantemena.es\/politica-de-cookies\/"},"modified":"2022-02-28T17:00:11","modified_gmt":"2022-02-28T16:00:11","slug":"politica-de-cookies","status":"publish","type":"page","link":"https:\/\/www.restaurantemena.es\/de\/politica-de-cookies\/","title":{"rendered":"Pol\u00edtica de cookies"},"content":{"rendered":"<p>\nEin <em>Cookie<\/em> ist eine kleine Textdatei, die in Ihrem Browser gespeichert wird, wenn Sie fast jede Webseite besuchen. Sein Nutzen besteht darin, dass sich das Web an Ihren Besuch erinnern kann, wenn Sie zum Durchsuchen dieser Seite zur\u00fcckkehren. Die <em>Cookies<\/em> speichern in der Regel Informationen technischer Art, pers\u00f6nliche Vorlieben, Personalisierung von Inhalten, Nutzungsstatistiken, Links zu sozialen Netzwerken, Zugriff auf Benutzerkonten usw. Das Ziel des <em>Cookies<\/em> besteht darin, den Inhalt des Webs an Ihr Profil und Ihre Bed\u00fcrfnisse anzupassen, ohne <em>Cookies<\/em> w\u00fcrden die von jeder Seite angebotenen Dienste erheblich eingeschr\u00e4nkt. Wenn Sie weitere Informationen dar\u00fcber erhalten m\u00f6chten, was <em>Cookies<\/em> sind, was sie speichern, wie sie entfernt oder deaktiviert werden usw., <a href=\"https:\/\/www.restaurantemena.es\/en\/mas-informacion-sobre-las-cookies\/\">gehen Sie bitte hier Link.<\/a>\n<\/p>\n<h2>Auf dieser Website verwendete Cookies<\/h2>\n<p>\nGem\u00e4\u00df den Richtlinien der spanischen Datenschutzbeh\u00f6rde fahren wir fort, die Verwendung von <em>Cookies<\/em> dieser Website detailliert zu beschreiben, um Sie so genau wie m\u00f6glich zu informieren.\n<\/p>\n<p>\nDiese Website verwendet folgende <strong>eigene Cookies<\/strong>:<\/p>\n<ul>\n<li>Sitzungscookies, um sicherzustellen, dass Benutzer, die Kommentare im Blog schreiben, menschliche und keine automatisierten Anwendungen sind. Auf diese Weise wird <em>Spam<\/em> bek\u00e4mpft.<\/li>\n<\/ul>\n<p>\nDiese Website verwendet die folgenden <strong>Cookies von Drittanbietern<\/strong>:<\/p>\n<ul>\n<li>Google Analytics: Speichert <em>Cookies<\/em>, um Statistiken \u00fcber den Verkehr und das Volumen der Besuche auf dieser Website zu erstellen. Durch die Nutzung dieser Website stimmen Sie der Verarbeitung von Informationen \u00fcber Sie durch Google zu. Daher muss die Aus\u00fcbung aller diesbez\u00fcglichen Rechte durch direkte Kommunikation mit Google erfolgen.<\/li>\n<li>Soziale Netzwerke: Jedes soziale Netzwerk verwendet seine eigenen <em>Cookies<\/em>, damit Sie Schaltfl\u00e4chen vom Typ <em>Gef\u00e4llt mir<\/em> oder <em>Teilen<\/em> anklicken k\u00f6nnen.<\/em> li>\n<\/ul>\n<\/p>\n<h2>Deaktivierung oder Beseitigung von Cookies<\/h2>\n<p>\nSie k\u00f6nnen jederzeit von Ihrem Recht Gebrauch machen, Cookies von dieser Website zu deaktivieren oder zu l\u00f6schen. Diese Aktionen werden je nach verwendetem Browser unterschiedlich ausgef\u00fchrt. <a href=\"https:\/\/www.restaurantemena.es\/en\/mas-informacion-sobre-las-cookies\/#browsers\">Hier finden Sie eine Kurzanleitung zu den beliebtesten Browsern<\/a>.\n<\/p>\n<h2>Zus\u00e4tzliche Hinweise<\/h2>\n<ul>\n<li>\nWeder diese Website noch ihre gesetzlichen Vertreter sind f\u00fcr den Inhalt oder die Richtigkeit der Datenschutzrichtlinien verantwortlich, die die in dieser <em>Cookies<\/em>-Richtlinie erw\u00e4hnten Dritten m\u00f6glicherweise haben.\n<\/li>\n<li>\nWebbrowser sind die Tools, die f\u00fcr das Speichern von <em>Cookies<\/em> verantwortlich sind, und von dieser Stelle aus m\u00fcssen Sie Ihr Recht aus\u00fcben, sie zu l\u00f6schen oder zu deaktivieren. Weder diese Website noch ihre gesetzlichen Vertreter k\u00f6nnen die korrekte oder fehlerhafte Handhabung der <em>Cookies<\/em> durch die oben genannten Browser garantieren.\n<\/li>\n<li>\nIn einigen F\u00e4llen ist es notwendig, <em>Cookies<\/em> zu installieren, damit der Browser Ihre Entscheidung, sie nicht zu akzeptieren, nicht vergisst.\n<\/li>\n<li>\nIm Falle von <em>Cookies<\/em> von Google Analytics speichert dieses Unternehmen die <em>Cookies<\/em> auf Servern in den Vereinigten Staaten und verpflichtet sich, sie nicht an Dritte weiterzugeben, au\u00dfer in F\u00e4llen, in denen dies der Fall ist die f\u00fcr den Betrieb des Systems erforderlich sind oder wenn das Gesetz dies vorschreibt. Laut Google wird Ihre IP-Adresse nicht gespeichert. Google Inc. ist ein Unternehmen, das sich an das Safe-Harbor-Abkommen h\u00e4lt, das garantiert, dass alle \u00fcbertragenen Daten mit einem Schutzniveau behandelt werden, das den europ\u00e4ischen Vorschriften entspricht. Detaillierte Informationen dazu finden Sie <a href=\"http:\/\/safeharbor.export.gov\/companyinfo.aspx?id=16626\" target=\"_blank\" rel=\"noopener noreferrer\">unter diesem Link<\/a>. Wenn Sie Informationen \u00fcber die Verwendung von Cookies durch Google w\u00fcnschen <a href=\"https:\/\/developers.google.com\/analytics\/devguides\/collection\/analyticsjs\/cookie-usage?hl=es&#038;csw=1\" target=\"_blank\" rel=\"noopener noreferrer\">wir f\u00fcgen diesen anderen Link an<\/a>.\n<\/li>\n<li>\nBei Fragen zu dieser <em>Cookie-Richtlinie<\/em> z\u00f6gern Sie nicht, uns \u00fcber den Kontaktbereich zu kontaktieren.<\/a>\n<\/li>\n<\/ul>\n<p>\nCookie Advisor ist ein <a href=\"http:\/\/wordpress.org\/plugins\/asesor-cookies-para-la-ley-en-espana\/\" target=\"_blank\" rel=\"noopener noreferrer\">Plugin f\u00fcr WordPress < \/a><\/p>\n","protected":false},"excerpt":{"rendered":"<p>Ein Cookie ist eine kleine Textdatei, die in Ihrem Browser gespeichert wird, wenn Sie fast jede Webseite besuchen. Sein Nutzen besteht darin, dass sich das Web an Ihren Besuch erinnern kann, wenn Sie zum Durchsuchen dieser Seite zur\u00fcckkehren. Die Cookies speichern in der Regel Informationen technischer Art, pers\u00f6nliche Vorlieben, Personalisierung von Inhalten, Nutzungsstatistiken, Links zu [&hellip;]<\/p>\n","protected":false},"author":1,"featured_media":0,"parent":0,"menu_order":0,"comment_status":"closed","ping_status":"closed","template":"blog-attika","meta":{"footnotes":""},"class_list":["post-4239","page","type-page","status-publish","hentry"],"yoast_head":"<!-- This site is optimized with the Yoast SEO plugin v27.4 - https:\/\/yoast.com\/product\/yoast-seo-wordpress\/ -->\n<title>Pol\u00edtica de cookies - Restaurante Mena<\/title>\n<meta name=\"robots\" content=\"index, follow, max-snippet:-1, max-image-preview:large, max-video-preview:-1\" \/>\n<link rel=\"canonical\" href=\"https:\/\/www.restaurantemena.es\/de\/politica-de-cookies\/\" \/>\n<meta property=\"og:locale\" content=\"de_DE\" \/>\n<meta property=\"og:type\" content=\"article\" \/>\n<meta property=\"og:title\" content=\"Pol\u00edtica de cookies - Restaurante Mena\" \/>\n<meta property=\"og:description\" content=\"Ein Cookie ist eine kleine Textdatei, die in Ihrem Browser gespeichert wird, wenn Sie fast jede Webseite besuchen. Sein Nutzen besteht darin, dass sich das Web an Ihren Besuch erinnern kann, wenn Sie zum Durchsuchen dieser Seite zur\u00fcckkehren. Die Cookies speichern in der Regel Informationen technischer Art, pers\u00f6nliche Vorlieben, Personalisierung von Inhalten, Nutzungsstatistiken, Links zu [&hellip;]\" \/>\n<meta property=\"og:url\" content=\"https:\/\/www.restaurantemena.es\/de\/politica-de-cookies\/\" \/>\n<meta property=\"og:site_name\" content=\"Restaurante Mena\" \/>\n<meta property=\"article:modified_time\" content=\"2022-02-28T16:00:11+00:00\" \/>\n<meta name=\"twitter:card\" content=\"summary_large_image\" \/>\n<meta name=\"twitter:label1\" content=\"Gesch\u00e4tzte Lesezeit\" \/>\n\t<meta name=\"twitter:data1\" content=\"3\u00a0Minuten\" \/>\n<script type=\"application\/ld+json\" class=\"yoast-schema-graph\">{\"@context\":\"https:\\\/\\\/schema.org\",\"@graph\":[{\"@type\":\"WebPage\",\"@id\":\"https:\\\/\\\/www.restaurantemena.es\\\/de\\\/politica-de-cookies\\\/\",\"url\":\"https:\\\/\\\/www.restaurantemena.es\\\/de\\\/politica-de-cookies\\\/\",\"name\":\"Pol\u00edtica de cookies - Restaurante Mena\",\"isPartOf\":{\"@id\":\"https:\\\/\\\/www.restaurantemena.es\\\/de\\\/#website\"},\"datePublished\":\"2020-03-03T16:16:36+00:00\",\"dateModified\":\"2022-02-28T16:00:11+00:00\",\"breadcrumb\":{\"@id\":\"https:\\\/\\\/www.restaurantemena.es\\\/de\\\/politica-de-cookies\\\/#breadcrumb\"},\"inLanguage\":\"de\",\"potentialAction\":[{\"@type\":\"ReadAction\",\"target\":[\"https:\\\/\\\/www.restaurantemena.es\\\/de\\\/politica-de-cookies\\\/\"]}]},{\"@type\":\"BreadcrumbList\",\"@id\":\"https:\\\/\\\/www.restaurantemena.es\\\/de\\\/politica-de-cookies\\\/#breadcrumb\",\"itemListElement\":[{\"@type\":\"ListItem\",\"position\":1,\"name\":\"Home\",\"item\":\"https:\\\/\\\/www.restaurantemena.es\\\/de\\\/\"},{\"@type\":\"ListItem\",\"position\":2,\"name\":\"Pol\u00edtica de cookies\"}]},{\"@type\":\"WebSite\",\"@id\":\"https:\\\/\\\/www.restaurantemena.es\\\/de\\\/#website\",\"url\":\"https:\\\/\\\/www.restaurantemena.es\\\/de\\\/\",\"name\":\"Restaurante Mena\",\"description\":\"A bordo desde 1959. Final de les Rotes - D\u00e9nia\",\"potentialAction\":[{\"@type\":\"SearchAction\",\"target\":{\"@type\":\"EntryPoint\",\"urlTemplate\":\"https:\\\/\\\/www.restaurantemena.es\\\/de\\\/?s={search_term_string}\"},\"query-input\":{\"@type\":\"PropertyValueSpecification\",\"valueRequired\":true,\"valueName\":\"search_term_string\"}}],\"inLanguage\":\"de\"}]}<\/script>\n<!-- \/ Yoast SEO plugin. -->","yoast_head_json":{"title":"Pol\u00edtica de cookies - Restaurante Mena","robots":{"index":"index","follow":"follow","max-snippet":"max-snippet:-1","max-image-preview":"max-image-preview:large","max-video-preview":"max-video-preview:-1"},"canonical":"https:\/\/www.restaurantemena.es\/de\/politica-de-cookies\/","og_locale":"de_DE","og_type":"article","og_title":"Pol\u00edtica de cookies - Restaurante Mena","og_description":"Ein Cookie ist eine kleine Textdatei, die in Ihrem Browser gespeichert wird, wenn Sie fast jede Webseite besuchen. Sein Nutzen besteht darin, dass sich das Web an Ihren Besuch erinnern kann, wenn Sie zum Durchsuchen dieser Seite zur\u00fcckkehren. Die Cookies speichern in der Regel Informationen technischer Art, pers\u00f6nliche Vorlieben, Personalisierung von Inhalten, Nutzungsstatistiken, Links zu [&hellip;]","og_url":"https:\/\/www.restaurantemena.es\/de\/politica-de-cookies\/","og_site_name":"Restaurante Mena","article_modified_time":"2022-02-28T16:00:11+00:00","twitter_card":"summary_large_image","twitter_misc":{"Gesch\u00e4tzte Lesezeit":"3\u00a0Minuten"},"schema":{"@context":"https:\/\/schema.org","@graph":[{"@type":"WebPage","@id":"https:\/\/www.restaurantemena.es\/de\/politica-de-cookies\/","url":"https:\/\/www.restaurantemena.es\/de\/politica-de-cookies\/","name":"Pol\u00edtica de cookies - Restaurante Mena","isPartOf":{"@id":"https:\/\/www.restaurantemena.es\/de\/#website"},"datePublished":"2020-03-03T16:16:36+00:00","dateModified":"2022-02-28T16:00:11+00:00","breadcrumb":{"@id":"https:\/\/www.restaurantemena.es\/de\/politica-de-cookies\/#breadcrumb"},"inLanguage":"de","potentialAction":[{"@type":"ReadAction","target":["https:\/\/www.restaurantemena.es\/de\/politica-de-cookies\/"]}]},{"@type":"BreadcrumbList","@id":"https:\/\/www.restaurantemena.es\/de\/politica-de-cookies\/#breadcrumb","itemListElement":[{"@type":"ListItem","position":1,"name":"Home","item":"https:\/\/www.restaurantemena.es\/de\/"},{"@type":"ListItem","position":2,"name":"Pol\u00edtica de cookies"}]},{"@type":"WebSite","@id":"https:\/\/www.restaurantemena.es\/de\/#website","url":"https:\/\/www.restaurantemena.es\/de\/","name":"Restaurante Mena","description":"A bordo desde 1959. Final de les Rotes - D\u00e9nia","potentialAction":[{"@type":"SearchAction","target":{"@type":"EntryPoint","urlTemplate":"https:\/\/www.restaurantemena.es\/de\/?s={search_term_string}"},"query-input":{"@type":"PropertyValueSpecification","valueRequired":true,"valueName":"search_term_string"}}],"inLanguage":"de"}]}},"_links":{"self":[{"href":"https:\/\/www.restaurantemena.es\/de\/wp-json\/wp\/v2\/pages\/4239","targetHints":{"allow":["GET"]}}],"collection":[{"href":"https:\/\/www.restaurantemena.es\/de\/wp-json\/wp\/v2\/pages"}],"about":[{"href":"https:\/\/www.restaurantemena.es\/de\/wp-json\/wp\/v2\/types\/page"}],"author":[{"embeddable":true,"href":"https:\/\/www.restaurantemena.es\/de\/wp-json\/wp\/v2\/users\/1"}],"replies":[{"embeddable":true,"href":"https:\/\/www.restaurantemena.es\/de\/wp-json\/wp\/v2\/comments?post=4239"}],"version-history":[{"count":2,"href":"https:\/\/www.restaurantemena.es\/de\/wp-json\/wp\/v2\/pages\/4239\/revisions"}],"predecessor-version":[{"id":5016,"href":"https:\/\/www.restaurantemena.es\/de\/wp-json\/wp\/v2\/pages\/4239\/revisions\/5016"}],"wp:attachment":[{"href":"https:\/\/www.restaurantemena.es\/de\/wp-json\/wp\/v2\/media?parent=4239"}],"curies":[{"name":"wp","href":"https:\/\/api.w.org\/{rel}","templated":true}]}}