{"id":4238,"date":"2020-03-03T17:16:36","date_gmt":"2020-03-03T16:16:36","guid":{"rendered":"https:\/\/www.restaurantemena.es\/mas-informacion-sobre-las-cookies\/"},"modified":"2022-02-28T17:00:59","modified_gmt":"2022-02-28T16:00:59","slug":"mas-informacion-sobre-las-cookies","status":"publish","type":"page","link":"https:\/\/www.restaurantemena.es\/de\/mas-informacion-sobre-las-cookies\/","title":{"rendered":"M\u00e1s informaci\u00f3n sobre las cookies"},"content":{"rendered":"<h2>Was ist ein Cookie?<\/h2>\n<p>\nEin <em>Cookie<\/em> ist eine <b>harmlose<\/b> Textdatei, die in Ihrem Browser gespeichert wird, wenn Sie fast jede Webseite besuchen. Der Nutzen des <em>Cookies<\/em> besteht darin, dass sich die Website an Ihren Besuch erinnern kann, wenn Sie diese Seite erneut durchsuchen. Obwohl viele es nicht wissen, werden <em>Cookies<\/em> seit 20 Jahren verwendet, als die ersten Browser f\u00fcr das World Wide Web auftauchten.\n<\/p>\n<h2>Was ist KEIN Cookie?<\/h2>\n<p>\nEs ist weder ein Virus, noch ein Trojanisches Pferd, noch ein Wurm, noch Spam, noch Spyware, noch \u00f6ffnet es Popup-Fenster.\n<\/p>\n<h2>Welche Informationen speichert ein <em>Cookie<\/em>?<\/h2>\n<p>\n<em>Cookies<\/em> speichern normalerweise keine sensiblen Informationen \u00fcber Sie, wie z. B. Kreditkarten- oder Bankdaten, Fotos, Ihren Ausweis oder pers\u00f6nliche Informationen usw. Die von ihnen gespeicherten Daten sind technischer Natur, pers\u00f6nliche Vorlieben, Personalisierung von Inhalten usw.\n<\/p>\n<p>\nDer Webserver verbindet nicht Sie als Person, sondern Ihren Webbrowser. Wenn Sie regelm\u00e4\u00dfig mit Internet Explorer surfen und versuchen, dieselbe Website mit Firefox oder Chrome zu durchsuchen, werden Sie feststellen, dass die Website nicht erkennt, dass Sie dieselbe Person sind, da sie tats\u00e4chlich den Browser und nicht die Person verkn\u00fcpft.\n<\/p>\n<h2>Welche Arten von <em>Cookies<\/em> gibt es?<\/h2>\n<p><ul>\nTechnische <\/p>\n<li><em>Cookies<\/em>: Sie sind die grundlegendsten und erm\u00f6glichen unter anderem zu wissen, wann eine menschliche oder automatisierte Anwendung surft, wann ein anonymer Benutzer und ein registrierter Benutzer surfen, grundlegende Aufgaben f\u00fcr den Betrieb beliebiger dynamischer Webs.<\/li>\n<p>Analyse <\/p>\n<li><em>Cookies<\/em>: Sie sammeln Informationen \u00fcber die Art des Surfens, die Sie am h\u00e4ufigsten verwenden, die konsultierten Produkte, das Zeitfenster der Nutzung, die Sprache usw.<\/li>\n<p>Werbe-<\/p>\n<li><em>Cookies<\/em>: Sie zeigen Werbung basierend auf Ihrer Navigation, Ihrem Herkunftsland, Ihrer Sprache usw.<\/li>\n<\/ul>\n<h2>Was sind die <em>eigenen Cookies<\/em> und die von Drittanbietern?<\/h2>\n<p>\nDie <em>eigenen Cookies<\/em> sind diejenigen, die von der von Ihnen besuchten Seite generiert werden, und die <em>Cookies von Drittanbietern<\/em> sind diejenigen, die von externen Diensten oder Anbietern wie Facebook, Twitter, Google usw. generiert werden.\n<\/p>\n<h2>Was passiert, wenn ich <em>Cookies<\/em> deaktiviere?<\/h2>\n<p>\nDamit Sie den Umfang der Deaktivierung von <em>Cookies<\/em> verstehen, zeigen wir Ihnen einige Beispiele:<\/p>\n<ul>\n<li>Sie d\u00fcrfen Inhalte dieser Website nicht auf Facebook, Twitter oder anderen sozialen Netzwerken teilen.<\/li>\n<li>Die Website kann die Inhalte nicht an Ihre pers\u00f6nlichen Vorlieben anpassen, wie dies h\u00e4ufig in Online-Shops der Fall ist.<\/li>\n<li>Sie k\u00f6nnen nicht auf den pers\u00f6nlichen Bereich dieser Website wie <em>Mein Konto<\/em> oder <em>Mein Profil<\/em> oder <em>Meine Bestellungen<\/em zugreifen >.<\/li >\n<li>Online-Shops: Es wird Ihnen nicht m\u00f6glich sein, online einzukaufen, Sie m\u00fcssen dies per Telefon oder durch den Besuch des Ladens tun, falls Sie einen haben.<\/li>\n<li>Es ist nicht m\u00f6glich, Ihre geografischen Einstellungen wie Zeitzone, W\u00e4hrung oder Sprache anzupassen.<\/li>\n<li>Die Website kann keine Webanalysen zu Besuchern und Webverkehr durchf\u00fchren, wodurch die Wettbewerbsf\u00e4higkeit der Website erschwert wird.<\/li>\n<li>Sie k\u00f6nnen nicht im Blog schreiben, Sie k\u00f6nnen keine Fotos hochladen, Kommentare posten, Inhalte bewerten oder bewerten. Das Web kann auch nicht erkennen, ob Sie ein Mensch oder eine automatisierte Anwendung sind, die <em>Spam<\/em> ver\u00f6ffentlicht.<\/li>\n<li>Es wird nicht m\u00f6glich sein, sektorbezogene Werbung zu zeigen, was die Werbeeinnahmen des Internets schm\u00e4lern wird.<\/li>\n<li>Alle sozialen Netzwerke verwenden <em>Cookies<\/em>, wenn Sie sie deaktivieren, k\u00f6nnen Sie kein soziales Netzwerk verwenden.<\/li>\n<\/ul>\n<h2>K\u00f6nnen <em>Cookies<\/em> gel\u00f6scht werden?<\/h2>\n<p>\nJa, nicht nur l\u00f6schen, sondern auch generell oder speziell f\u00fcr eine bestimmte Domain sperren.\n<\/p>\n<p>\nUm die <em>Cookies<\/em> einer Website zu l\u00f6schen, m\u00fcssen Sie zu den Einstellungen Ihres Browsers gehen und dort k\u00f6nnen Sie nach den Cookies suchen, die mit der betreffenden Domain verkn\u00fcpft sind, und fortfahren, sie zu l\u00f6schen.\n<\/p>\n<h2 id=\"browsers\">Konfiguration von <em>Cookies<\/em> f\u00fcr die g\u00e4ngigsten Browser<\/h2>\n<p>\nSo greifen Sie auf ein bestimmtes <em>Cookie<\/em> des <b>Chrome<\/b>-Browsers zu. Hinweis: Diese Schritte k\u00f6nnen je nach Browserversion variieren:<\/p>\n<ol>\n<li>Gehen Sie \u00fcber das Men\u00fc \u201eDatei\u201c oder durch Klicken auf das Personalisierungssymbol, das oben rechts angezeigt wird, zu \u201eEinstellungen\u201c oder \u201ePr\u00e4ferenzen\u201c.<\/li>\n<li>Sie werden verschiedene Abschnitte sehen, klicken Sie auf die Option <em>Erweiterte Optionen anzeigen<\/em>.<\/li>\n<li>Gehen Sie zu <em>Datenschutz<\/em>, <em>Inhaltseinstellungen<\/em>.<\/li>\n<li>W\u00e4hlen Sie <em>Alle <em>Cookies<\/em> und Website-Daten<\/em> aus.<\/li>\n<li>Eine Liste mit allen <em>Cookies<\/em> wird nach Domain sortiert angezeigt. Um Ihnen das Auffinden der <em>Cookies<\/em> einer bestimmten Domain zu erleichtern, geben Sie die Adresse ganz oder teilweise in das Feld <em>Cookies suchen<\/em> ein.<\/li>\n<li>Nach Durchf\u00fchrung dieses Filters erscheinen auf dem Bildschirm eine oder mehrere Zeilen mit den <em>Cookies<\/em> d<br \/>\n","protected":false},"excerpt":{"rendered":"<p>Was ist ein Cookie? Ein Cookie ist eine harmlose Textdatei, die in Ihrem Browser gespeichert wird, wenn Sie fast jede Webseite besuchen. Der Nutzen des Cookies besteht darin, dass sich die Website an Ihren Besuch erinnern kann, wenn Sie diese Seite erneut durchsuchen. Obwohl viele es nicht wissen, werden Cookies seit 20 Jahren verwendet, als [&hellip;]<\/p>\n","protected":false},"author":1,"featured_media":0,"parent":0,"menu_order":0,"comment_status":"closed","ping_status":"closed","template":"","meta":{"footnotes":""},"class_list":["post-4238","page","type-page","status-publish","hentry"],"yoast_head":"<!-- This site is optimized with the Yoast SEO plugin v27.4 - https:\/\/yoast.com\/product\/yoast-seo-wordpress\/ -->\n<title>M\u00e1s informaci\u00f3n sobre las cookies - Restaurante Mena<\/title>\n<meta name=\"robots\" content=\"index, follow, max-snippet:-1, max-image-preview:large, max-video-preview:-1\" \/>\n<link rel=\"canonical\" href=\"https:\/\/www.restaurantemena.es\/de\/mas-informacion-sobre-las-cookies\/\" \/>\n<meta property=\"og:locale\" content=\"de_DE\" \/>\n<meta property=\"og:type\" content=\"article\" \/>\n<meta property=\"og:title\" content=\"M\u00e1s informaci\u00f3n sobre las cookies - Restaurante Mena\" \/>\n<meta property=\"og:description\" content=\"Was ist ein Cookie? Ein Cookie ist eine harmlose Textdatei, die in Ihrem Browser gespeichert wird, wenn Sie fast jede Webseite besuchen. Der Nutzen des Cookies besteht darin, dass sich die Website an Ihren Besuch erinnern kann, wenn Sie diese Seite erneut durchsuchen. Obwohl viele es nicht wissen, werden Cookies seit 20 Jahren verwendet, als [&hellip;]\" \/>\n<meta property=\"og:url\" content=\"https:\/\/www.restaurantemena.es\/de\/mas-informacion-sobre-las-cookies\/\" \/>\n<meta property=\"og:site_name\" content=\"Restaurante Mena\" \/>\n<meta property=\"article:modified_time\" content=\"2022-02-28T16:00:59+00:00\" \/>\n<meta name=\"twitter:card\" content=\"summary_large_image\" \/>\n<meta name=\"twitter:label1\" content=\"Gesch\u00e4tzte Lesezeit\" \/>\n\t<meta name=\"twitter:data1\" content=\"4\u00a0Minuten\" \/>\n<script type=\"application\/ld+json\" class=\"yoast-schema-graph\">{\"@context\":\"https:\\\/\\\/schema.org\",\"@graph\":[{\"@type\":\"WebPage\",\"@id\":\"https:\\\/\\\/www.restaurantemena.es\\\/de\\\/mas-informacion-sobre-las-cookies\\\/\",\"url\":\"https:\\\/\\\/www.restaurantemena.es\\\/de\\\/mas-informacion-sobre-las-cookies\\\/\",\"name\":\"M\u00e1s informaci\u00f3n sobre las cookies - Restaurante Mena\",\"isPartOf\":{\"@id\":\"https:\\\/\\\/www.restaurantemena.es\\\/de\\\/#website\"},\"datePublished\":\"2020-03-03T16:16:36+00:00\",\"dateModified\":\"2022-02-28T16:00:59+00:00\",\"breadcrumb\":{\"@id\":\"https:\\\/\\\/www.restaurantemena.es\\\/de\\\/mas-informacion-sobre-las-cookies\\\/#breadcrumb\"},\"inLanguage\":\"de\",\"potentialAction\":[{\"@type\":\"ReadAction\",\"target\":[\"https:\\\/\\\/www.restaurantemena.es\\\/de\\\/mas-informacion-sobre-las-cookies\\\/\"]}]},{\"@type\":\"BreadcrumbList\",\"@id\":\"https:\\\/\\\/www.restaurantemena.es\\\/de\\\/mas-informacion-sobre-las-cookies\\\/#breadcrumb\",\"itemListElement\":[{\"@type\":\"ListItem\",\"position\":1,\"name\":\"Home\",\"item\":\"https:\\\/\\\/www.restaurantemena.es\\\/de\\\/\"},{\"@type\":\"ListItem\",\"position\":2,\"name\":\"M\u00e1s informaci\u00f3n sobre las cookies\"}]},{\"@type\":\"WebSite\",\"@id\":\"https:\\\/\\\/www.restaurantemena.es\\\/de\\\/#website\",\"url\":\"https:\\\/\\\/www.restaurantemena.es\\\/de\\\/\",\"name\":\"Restaurante Mena\",\"description\":\"A bordo desde 1959. Final de les Rotes - D\u00e9nia\",\"potentialAction\":[{\"@type\":\"SearchAction\",\"target\":{\"@type\":\"EntryPoint\",\"urlTemplate\":\"https:\\\/\\\/www.restaurantemena.es\\\/de\\\/?s={search_term_string}\"},\"query-input\":{\"@type\":\"PropertyValueSpecification\",\"valueRequired\":true,\"valueName\":\"search_term_string\"}}],\"inLanguage\":\"de\"}]}<\/script>\n<!-- \/ Yoast SEO plugin. -->","yoast_head_json":{"title":"M\u00e1s informaci\u00f3n sobre las cookies - Restaurante Mena","robots":{"index":"index","follow":"follow","max-snippet":"max-snippet:-1","max-image-preview":"max-image-preview:large","max-video-preview":"max-video-preview:-1"},"canonical":"https:\/\/www.restaurantemena.es\/de\/mas-informacion-sobre-las-cookies\/","og_locale":"de_DE","og_type":"article","og_title":"M\u00e1s informaci\u00f3n sobre las cookies - Restaurante Mena","og_description":"Was ist ein Cookie? Ein Cookie ist eine harmlose Textdatei, die in Ihrem Browser gespeichert wird, wenn Sie fast jede Webseite besuchen. Der Nutzen des Cookies besteht darin, dass sich die Website an Ihren Besuch erinnern kann, wenn Sie diese Seite erneut durchsuchen. Obwohl viele es nicht wissen, werden Cookies seit 20 Jahren verwendet, als [&hellip;]","og_url":"https:\/\/www.restaurantemena.es\/de\/mas-informacion-sobre-las-cookies\/","og_site_name":"Restaurante Mena","article_modified_time":"2022-02-28T16:00:59+00:00","twitter_card":"summary_large_image","twitter_misc":{"Gesch\u00e4tzte Lesezeit":"4\u00a0Minuten"},"schema":{"@context":"https:\/\/schema.org","@graph":[{"@type":"WebPage","@id":"https:\/\/www.restaurantemena.es\/de\/mas-informacion-sobre-las-cookies\/","url":"https:\/\/www.restaurantemena.es\/de\/mas-informacion-sobre-las-cookies\/","name":"M\u00e1s informaci\u00f3n sobre las cookies - Restaurante Mena","isPartOf":{"@id":"https:\/\/www.restaurantemena.es\/de\/#website"},"datePublished":"2020-03-03T16:16:36+00:00","dateModified":"2022-02-28T16:00:59+00:00","breadcrumb":{"@id":"https:\/\/www.restaurantemena.es\/de\/mas-informacion-sobre-las-cookies\/#breadcrumb"},"inLanguage":"de","potentialAction":[{"@type":"ReadAction","target":["https:\/\/www.restaurantemena.es\/de\/mas-informacion-sobre-las-cookies\/"]}]},{"@type":"BreadcrumbList","@id":"https:\/\/www.restaurantemena.es\/de\/mas-informacion-sobre-las-cookies\/#breadcrumb","itemListElement":[{"@type":"ListItem","position":1,"name":"Home","item":"https:\/\/www.restaurantemena.es\/de\/"},{"@type":"ListItem","position":2,"name":"M\u00e1s informaci\u00f3n sobre las cookies"}]},{"@type":"WebSite","@id":"https:\/\/www.restaurantemena.es\/de\/#website","url":"https:\/\/www.restaurantemena.es\/de\/","name":"Restaurante Mena","description":"A bordo desde 1959. Final de les Rotes - D\u00e9nia","potentialAction":[{"@type":"SearchAction","target":{"@type":"EntryPoint","urlTemplate":"https:\/\/www.restaurantemena.es\/de\/?s={search_term_string}"},"query-input":{"@type":"PropertyValueSpecification","valueRequired":true,"valueName":"search_term_string"}}],"inLanguage":"de"}]}},"_links":{"self":[{"href":"https:\/\/www.restaurantemena.es\/de\/wp-json\/wp\/v2\/pages\/4238","targetHints":{"allow":["GET"]}}],"collection":[{"href":"https:\/\/www.restaurantemena.es\/de\/wp-json\/wp\/v2\/pages"}],"about":[{"href":"https:\/\/www.restaurantemena.es\/de\/wp-json\/wp\/v2\/types\/page"}],"author":[{"embeddable":true,"href":"https:\/\/www.restaurantemena.es\/de\/wp-json\/wp\/v2\/users\/1"}],"replies":[{"embeddable":true,"href":"https:\/\/www.restaurantemena.es\/de\/wp-json\/wp\/v2\/comments?post=4238"}],"version-history":[{"count":3,"href":"https:\/\/www.restaurantemena.es\/de\/wp-json\/wp\/v2\/pages\/4238\/revisions"}],"predecessor-version":[{"id":5018,"href":"https:\/\/www.restaurantemena.es\/de\/wp-json\/wp\/v2\/pages\/4238\/revisions\/5018"}],"wp:attachment":[{"href":"https:\/\/www.restaurantemena.es\/de\/wp-json\/wp\/v2\/media?parent=4238"}],"curies":[{"name":"wp","href":"https:\/\/api.w.org\/{rel}","templated":true}]}}