{"id":5157,"date":"2022-04-07T11:58:49","date_gmt":"2022-04-07T09:58:49","guid":{"rendered":"https:\/\/www.restaurantemena.es\/politica-de-privadesa\/"},"modified":"2022-04-07T11:58:49","modified_gmt":"2022-04-07T09:58:49","slug":"politica-de-privadesa","status":"publish","type":"page","link":"https:\/\/www.restaurantemena.es\/ca\/politica-de-privadesa\/","title":{"rendered":"Pol\u00edtica de privadesa"},"content":{"rendered":"<p>Aquesta pol\u00edtica de privadesa \u00e9s conforme al Reglament (UE) 2016\/679 del Parlament Europeu i del Consell, de 27 d&#8217;abril de 2016, relatiu a la protecci\u00f3 de les persones f\u00edsiques pel que fa al tractament de dades personals ia la lliure circulaci\u00f3 d&#8217;aquestes dades (RGPD), a Llei Org\u00e0nica 3\/2018, de 5 de desembre, de Protecci\u00f3 de Dades Personals i garantia dels drets digitals (LOPDGDD), aix\u00ed com en all\u00f2 que no resulti contrari a la normativa indicada, a la Llei Org\u00e0nica 15\/1999, de Protecci\u00f3 de Dades de Car\u00e0cter Personal (LOPD) i la seva normativa de desenvolupament, i\/o les que les poguessin substituir o actualitzar en el futur.<br \/>\nLa nostra organitzaci\u00f3 est\u00e0 compromesa amb la privadesa de les seves dades personals. Les dades personals facilitades s\u00f3n necess\u00e0ries per prestar els nostres serveis i s\u00f3n tractades de manera l\u00edcita, lleial i transparent, garantint una seguretat adequada dels mateixos, inclosa la protecci\u00f3 contra el tractament no autoritzat o il\u00b7l\u00edcit i contra la seva p\u00e8rdua, destrucci\u00f3 o dany accidental mitjan\u00e7ant la aplicaci\u00f3 de mesures t\u00e8cniques i organitzatives.<br \/>\nA trav\u00e9s del present document volem oferir-vos de forma transparent i lleial tota la informaci\u00f3 necess\u00e0ria relativa al tractament de les vostres dades personals que realitza aquesta organitzaci\u00f3.<\/p>\n<h3>Base legal per al tractament de les vostres dades personals<\/h3>\n<p>A cada tractament espec\u00edfic de dades personals recopilades sobre vost\u00e8, us informarem de la base legal que legitima el tractament de les vostres dades personals.<\/p>\n<h3>Drets<\/h3>\n<h4>Dret d&#8217;acc\u00e9s<\/h4>\n<p>\u00c9s el dret a obtenir del responsable del tractament confirmaci\u00f3 de si estan tractant o no dades personals que concerneixen l&#8217;interessat i, en aquest cas, dret d&#8217;acc\u00e9s a les dades personals ia la informaci\u00f3 seg\u00fcent: les finalitats del tractament, les categories de dades personals de qu\u00e8 es tracti, els destinataris o les categories de destinataris a qu\u00e8 es van comunicar o seran comunicades les dades personals, termini de conservaci\u00f3 o els criteris utilitzats per determinar aquest termini, l&#8217;exist\u00e8ncia del dret a sol\u00b7licitar del responsable la rectificaci\u00f3 o supressi\u00f3 de dades personals o la limitaci\u00f3 del tractament de dades personals relatives a l&#8217;interessat oa oposar-se a aquest tractament, dret a presentar una reclamaci\u00f3 davant l&#8217;Ag\u00e8ncia Espanyola de Protecci\u00f3 de Dades (AEPD), l&#8217;exist\u00e8ncia, si escau, de decisions automatitzades, inclosa l&#8217;elaboraci\u00f3 de perfils, quan es transfereixin dades a tercers pa\u00efsos el dret a ser informat de les garanties adequades a plicades.<\/p>\n<h4>Dret de Rectificaci\u00f3<\/h4>\n<p>\u00c9s el dret a sol\u00b7licitar la rectificaci\u00f3 de les vostres dades personals si s\u00f3n inexactes, incloent-hi el dret a completar dades que figurin incompletes. Cal tenir en compte que en facilitar-nos les dades personals per qualsevol via, garanteix que s\u00f3n certes i exactes i es compromet a notificar-nos qualsevol canvi o modificaci\u00f3 de les mateixes. Per tant, qualsevol dany causat per motiu d&#8217;una comunicaci\u00f3 d&#8217;informaci\u00f3 err\u00f2nia, inexacta o incompleta als formularis de la web, ser\u00e0 responsabilitat exclusiva de l&#8217;interessat.<\/p>\n<h4>Dret de Supressi\u00f3<\/h4>\n<p>\u00c9s el dret a sol\u00b7licitar la supressi\u00f3 de les seves dades personals quan, entre altres sup\u00f2sits, ja no s\u00f3n necess\u00e0ries per a la finalitat per la qual van ser recollides, o estan sent tractades altrament o retiri el consentiment. Cal tenir en compte que no ser\u00e0 procedent la supressi\u00f3 quan el tractament de les dades personals sigui necessari, entre altres sup\u00f2sits, per al compliment d&#8217;obligacions legals o per a la formulaci\u00f3, l&#8217;exercici o la defensa de reclamacions.<\/p>\n<h4>Dret a la Limitaci\u00f3<\/h4>\n<p>\u00c9s el dret a sol\u00b7licitar la limitaci\u00f3 del tractament de les seves dades personals, fet que suposa que en determinats casos ens pugui sol\u00b7licitar que suspenguem temporalment els tractaments de les seves dades personals o que les conservem m\u00e9s enll\u00e0 del temps necessari quan pugui necessitar-ho.<\/p>\n<h4>Dret a retirar el consentiment<\/h4>\n<p>\u00c9s el dret a retirar el consentiment que ha proporcionat en marcar \u201cHe llegit i accepto la pol\u00edtica de privadesa\u201d en qualsevol moment i segons s&#8217;especifica a l&#8217;apartat corresponent \u201cExercici de drets\u201d o en el tractament espec\u00edfic de comunicacions comercials o Newsletter. Cal tenir en compte que aquest dret no tindr\u00e0 efectes si, entre altres casos, el tractament de les dades personals \u00e9s necessari per al compliment d&#8217;una obligaci\u00f3 legal, l&#8217;execuci\u00f3 i el manteniment d&#8217;una relaci\u00f3 contractual, o per a la formulaci\u00f3, exercici o la defensa de reclamacions. Aix\u00ed mateix, la retirada del consentiment no tindr\u00e0 efectes retroactius, \u00e9s a dir, no afectar\u00e0 la licitud del tractament basat en el consentiment previ a la seva retirada.<\/p>\n<h4>Dret a presentar una reclamaci\u00f3 davant d&#8217;una autoritat de control<\/h4>\n<p>Si considereu que tractem les vostres dades personals d&#8217;una manera incorrecta, podeu contactar amb nosaltres. Tamb\u00e9 t\u00e9 dret a presentar una queixa davant de l&#8217;autoritat de protecci\u00f3 de dades competent.<\/p>\n<h4>Dret a la Portabilitat<\/h4>\n<p>\u00c9s el dret a rebre les dades personals que li incumbeixin i que ens hagi facilitat, en un format estructurat, d&#8217;\u00fas com\u00fa i lectura mec\u00e0nica, ia transmetre-les a un altre responsable, sempre que: el tractament es base en el seu consentiment i es faci per mitjans automatitzats o inform\u00e0tics.<\/p>\n<h4>Dret d&#8217;oposici\u00f3<\/h4>\n<p>\u00c9s el dret a oposar-se al tractament de les vostres dades personals en base a l&#8217;inter\u00e8s leg\u00edtim nostre. No seguirem tractant les vostres dades personals llevat que puguem acreditar motius leg\u00edtims imperiosos per al tractament que prevalguin sobre els seus interessos, drets i llibertats, o b\u00e9 per a la formulaci\u00f3, l&#8217;exercici o la defensa de reclamacions.<\/p>\n<h4>Exercici de dret<\/h4>\n<p>Si considereu que tractem les vostres dades personals d&#8217;una manera incorrecta, podeu contactar amb nosaltres o tamb\u00e9 teniu dret a presentar una reclamaci\u00f3 davant l&#8217;Ag\u00e8ncia Espanyola de Protecci\u00f3 de Dades (AEPD):<br \/>\n<a href=\"https:\/\/www.agpd.es\/portalwebAGPD\/index-ides-idphp.php\">https:\/\/www.agpd.es\/portalwebAGPD\/index-ides-idphp.php<\/a><\/p>\n<h3>Tractament de dades personals<\/h3>\n<h4>Disposicions gen\u00e8riques<\/h4>\n<p>Les dades personals sol\u00b7licitades en cadascun dels tractaments espec\u00edfics s\u00f3n adequades, pertinents i limitades al que \u00e9s necessari en relaci\u00f3 amb les finalitats per a les quals s\u00f3n tractades pel que es compleix amb el principi de minimitzaci\u00f3 de dades.<br \/>\nLes dades personals sol\u00b7licitades en cadascun dels tractaments espec\u00edfics s\u00f3n les estrictament necess\u00e0ries, la negativa a facilitar-les implicaria no poder prestar el servei sol\u00b7licitat.<br \/>\nLes comunicacions de les dades personals previstes a cadascun dels tractaments espec\u00edfics en alguns casos s\u00f3n necess\u00e0ries per a l&#8217;execuci\u00f3 i el manteniment d&#8217;un contracte i en altres casos per complir una obligaci\u00f3 legal aplicable al responsable del tractament.<\/p>\n<h4>Formulari de contacte<\/h4>\n<p>Les dades personals seran tractades per canalitzar les sol\u00b7licituds dinformaci\u00f3, suggeriments i reclamacions dusuaris o clients.<br \/>\nLa base legal que legitima el tractament de les dades personals \u00e9s el consentiment expr\u00e9s en marcar \u201cHe llegit i accepto la pol\u00edtica de privadesa\u201d.<br \/>\nLes dades personals es conservaran per un per\u00edode de dos anys des del moment en qu\u00e8 es deixin de tractar, sens perjudici de l&#8217;exercici dels drets que l&#8217;assisteixen com a interessat.<\/p>\n<h4>Formulari Comunicacions Comercials o Newsletter<\/h4>\n<p>Les dades personals seran tractades per gestionar la subscripci\u00f3 a la nostra Newsletter, incloent-hi l&#8217;enviament d&#8217;informaci\u00f3 personalitzada o no sobre els nostres productes o serveis a trav\u00e9s de diversos mitjans com tel\u00e8fon, correu electr\u00f2nic, SMS, aplicacions per a dispositius m\u00f2bils, aix\u00ed com per qualsevol procediment an\u00e0leg. Cal tenir en compte que aquest tipus de tractament de dades pot comportar l&#8217;an\u00e0lisi del vostre perfil d&#8217;usuari per determinar quines s\u00f3n les vostres prefer\u00e8ncies i aix\u00ed poder fer-vos arribar informaci\u00f3 m\u00e9s adequada als vostres interessos.<br \/>\nPodeu sol\u00b7licitar la baixa per a aquest tipus de tractament, en funci\u00f3 del mitj\u00e0 emprat, de la manera seg\u00fcent:<\/p>\n<ul>\n<li>Correu electr\u00f2nic: A trav\u00e9s de l&#8217;enlla\u00e7 a aquest efecte que trobareu a cadascuna de les comunicacions electr\u00f2niques o mitjan\u00e7ant procediment an\u00e0leg especificat en la comunicaci\u00f3 comercial.<\/li>\n<li>WhatsApp (altres apps): Sol\u00b7licitant la baixa a la subscripci\u00f3.<\/li>\n<li>SMS: Sol\u00b7licitant la baixa a la subscripci\u00f3.<\/li>\n<\/ul>\n<p>La base legal que legitima el tractament de les dades personals \u00e9s el consentiment expr\u00e9s prestat: en marcar \u201cHe llegit i accepto la pol\u00edtica de privadesa\u201d a la web, a trav\u00e9s de document f\u00edsic oa trav\u00e9s de correu electr\u00f2nic, segons cada cas.<br \/>\nCal tenir en compte que en cas que el mitj\u00e0 emprat sigui WhatsApp les dades personals seran cedides a WhatsApp Ireland Limited la qual es troba ubicada dins de l&#8217;EEE.<br \/>\nLes dades personals es conservaran mentre no retiri el consentiment segons la forma indicada al present apartat.<\/p>\n","protected":false},"excerpt":{"rendered":"<p>Aquesta pol\u00edtica de privadesa \u00e9s conforme al Reglament (UE) 2016\/679 del Parlament Europeu i del Consell, de 27 d&#8217;abril de 2016, relatiu a la protecci\u00f3 de les persones f\u00edsiques pel que fa al tractament de dades personals ia la lliure circulaci\u00f3 d&#8217;aquestes dades (RGPD), a Llei Org\u00e0nica 3\/2018, de 5 de desembre, de Protecci\u00f3 de [&hellip;]<\/p>\n","protected":false},"author":1,"featured_media":0,"parent":0,"menu_order":0,"comment_status":"closed","ping_status":"open","template":"","meta":{"footnotes":""},"class_list":["post-5157","page","type-page","status-publish","hentry"],"yoast_head":"<!-- This site is optimized with the Yoast SEO plugin v27.4 - https:\/\/yoast.com\/product\/yoast-seo-wordpress\/ -->\n<title>Pol\u00edtica de privadesa - Restaurante Mena<\/title>\n<meta name=\"robots\" content=\"index, follow, max-snippet:-1, max-image-preview:large, max-video-preview:-1\" \/>\n<link rel=\"canonical\" href=\"https:\/\/www.restaurantemena.es\/ca\/politica-de-privadesa\/\" \/>\n<meta property=\"og:locale\" content=\"ca_ES\" \/>\n<meta property=\"og:type\" content=\"article\" \/>\n<meta property=\"og:title\" content=\"Pol\u00edtica de privadesa - Restaurante Mena\" \/>\n<meta property=\"og:description\" content=\"Aquesta pol\u00edtica de privadesa \u00e9s conforme al Reglament (UE) 2016\/679 del Parlament Europeu i del Consell, de 27 d&#8217;abril de 2016, relatiu a la protecci\u00f3 de les persones f\u00edsiques pel que fa al tractament de dades personals ia la lliure circulaci\u00f3 d&#8217;aquestes dades (RGPD), a Llei Org\u00e0nica 3\/2018, de 5 de desembre, de Protecci\u00f3 de [&hellip;]\" \/>\n<meta property=\"og:url\" content=\"https:\/\/www.restaurantemena.es\/ca\/politica-de-privadesa\/\" \/>\n<meta property=\"og:site_name\" content=\"Restaurante Mena\" \/>\n<meta name=\"twitter:card\" content=\"summary_large_image\" \/>\n<meta name=\"twitter:label1\" content=\"Temps estimat de lectura\" \/>\n\t<meta name=\"twitter:data1\" content=\"7 minuts\" \/>\n<script type=\"application\/ld+json\" class=\"yoast-schema-graph\">{\"@context\":\"https:\\\/\\\/schema.org\",\"@graph\":[{\"@type\":\"WebPage\",\"@id\":\"https:\\\/\\\/www.restaurantemena.es\\\/ca\\\/politica-de-privadesa\\\/\",\"url\":\"https:\\\/\\\/www.restaurantemena.es\\\/ca\\\/politica-de-privadesa\\\/\",\"name\":\"Pol\u00edtica de privadesa - Restaurante Mena\",\"isPartOf\":{\"@id\":\"https:\\\/\\\/www.restaurantemena.es\\\/ca\\\/#website\"},\"datePublished\":\"2022-04-07T09:58:49+00:00\",\"breadcrumb\":{\"@id\":\"https:\\\/\\\/www.restaurantemena.es\\\/ca\\\/politica-de-privadesa\\\/#breadcrumb\"},\"inLanguage\":\"ca\",\"potentialAction\":[{\"@type\":\"ReadAction\",\"target\":[\"https:\\\/\\\/www.restaurantemena.es\\\/ca\\\/politica-de-privadesa\\\/\"]}]},{\"@type\":\"BreadcrumbList\",\"@id\":\"https:\\\/\\\/www.restaurantemena.es\\\/ca\\\/politica-de-privadesa\\\/#breadcrumb\",\"itemListElement\":[{\"@type\":\"ListItem\",\"position\":1,\"name\":\"Home\",\"item\":\"https:\\\/\\\/www.restaurantemena.es\\\/ca\\\/\"},{\"@type\":\"ListItem\",\"position\":2,\"name\":\"Pol\u00edtica de privadesa\"}]},{\"@type\":\"WebSite\",\"@id\":\"https:\\\/\\\/www.restaurantemena.es\\\/ca\\\/#website\",\"url\":\"https:\\\/\\\/www.restaurantemena.es\\\/ca\\\/\",\"name\":\"Restaurante Mena\",\"description\":\"A bordo desde 1959. Final de les Rotes - D\u00e9nia\",\"potentialAction\":[{\"@type\":\"SearchAction\",\"target\":{\"@type\":\"EntryPoint\",\"urlTemplate\":\"https:\\\/\\\/www.restaurantemena.es\\\/ca\\\/?s={search_term_string}\"},\"query-input\":{\"@type\":\"PropertyValueSpecification\",\"valueRequired\":true,\"valueName\":\"search_term_string\"}}],\"inLanguage\":\"ca\"}]}<\/script>\n<!-- \/ Yoast SEO plugin. -->","yoast_head_json":{"title":"Pol\u00edtica de privadesa - Restaurante Mena","robots":{"index":"index","follow":"follow","max-snippet":"max-snippet:-1","max-image-preview":"max-image-preview:large","max-video-preview":"max-video-preview:-1"},"canonical":"https:\/\/www.restaurantemena.es\/ca\/politica-de-privadesa\/","og_locale":"ca_ES","og_type":"article","og_title":"Pol\u00edtica de privadesa - Restaurante Mena","og_description":"Aquesta pol\u00edtica de privadesa \u00e9s conforme al Reglament (UE) 2016\/679 del Parlament Europeu i del Consell, de 27 d&#8217;abril de 2016, relatiu a la protecci\u00f3 de les persones f\u00edsiques pel que fa al tractament de dades personals ia la lliure circulaci\u00f3 d&#8217;aquestes dades (RGPD), a Llei Org\u00e0nica 3\/2018, de 5 de desembre, de Protecci\u00f3 de [&hellip;]","og_url":"https:\/\/www.restaurantemena.es\/ca\/politica-de-privadesa\/","og_site_name":"Restaurante Mena","twitter_card":"summary_large_image","twitter_misc":{"Temps estimat de lectura":"7 minuts"},"schema":{"@context":"https:\/\/schema.org","@graph":[{"@type":"WebPage","@id":"https:\/\/www.restaurantemena.es\/ca\/politica-de-privadesa\/","url":"https:\/\/www.restaurantemena.es\/ca\/politica-de-privadesa\/","name":"Pol\u00edtica de privadesa - Restaurante Mena","isPartOf":{"@id":"https:\/\/www.restaurantemena.es\/ca\/#website"},"datePublished":"2022-04-07T09:58:49+00:00","breadcrumb":{"@id":"https:\/\/www.restaurantemena.es\/ca\/politica-de-privadesa\/#breadcrumb"},"inLanguage":"ca","potentialAction":[{"@type":"ReadAction","target":["https:\/\/www.restaurantemena.es\/ca\/politica-de-privadesa\/"]}]},{"@type":"BreadcrumbList","@id":"https:\/\/www.restaurantemena.es\/ca\/politica-de-privadesa\/#breadcrumb","itemListElement":[{"@type":"ListItem","position":1,"name":"Home","item":"https:\/\/www.restaurantemena.es\/ca\/"},{"@type":"ListItem","position":2,"name":"Pol\u00edtica de privadesa"}]},{"@type":"WebSite","@id":"https:\/\/www.restaurantemena.es\/ca\/#website","url":"https:\/\/www.restaurantemena.es\/ca\/","name":"Restaurante Mena","description":"A bordo desde 1959. Final de les Rotes - D\u00e9nia","potentialAction":[{"@type":"SearchAction","target":{"@type":"EntryPoint","urlTemplate":"https:\/\/www.restaurantemena.es\/ca\/?s={search_term_string}"},"query-input":{"@type":"PropertyValueSpecification","valueRequired":true,"valueName":"search_term_string"}}],"inLanguage":"ca"}]}},"_links":{"self":[{"href":"https:\/\/www.restaurantemena.es\/ca\/wp-json\/wp\/v2\/pages\/5157","targetHints":{"allow":["GET"]}}],"collection":[{"href":"https:\/\/www.restaurantemena.es\/ca\/wp-json\/wp\/v2\/pages"}],"about":[{"href":"https:\/\/www.restaurantemena.es\/ca\/wp-json\/wp\/v2\/types\/page"}],"author":[{"embeddable":true,"href":"https:\/\/www.restaurantemena.es\/ca\/wp-json\/wp\/v2\/users\/1"}],"replies":[{"embeddable":true,"href":"https:\/\/www.restaurantemena.es\/ca\/wp-json\/wp\/v2\/comments?post=5157"}],"version-history":[{"count":0,"href":"https:\/\/www.restaurantemena.es\/ca\/wp-json\/wp\/v2\/pages\/5157\/revisions"}],"wp:attachment":[{"href":"https:\/\/www.restaurantemena.es\/ca\/wp-json\/wp\/v2\/media?parent=5157"}],"curies":[{"name":"wp","href":"https:\/\/api.w.org\/{rel}","templated":true}]}}