{"id":4250,"date":"2020-03-03T17:16:36","date_gmt":"2020-03-03T16:16:36","guid":{"rendered":"https:\/\/www.restaurantemena.es\/politica-de-cookies\/"},"modified":"2022-04-07T11:54:23","modified_gmt":"2022-04-07T09:54:23","slug":"politica-de-cookies","status":"publish","type":"page","link":"https:\/\/www.restaurantemena.es\/ca\/politica-de-cookies\/","title":{"rendered":"Pol\u00edtica de cookies"},"content":{"rendered":"<p>\nUna <em>galeta<\/em> \u00e9s un petit fitxer de text que s&#8217;emmagatzema al vostre navegador quan visiteu gaireb\u00e9 qualsevol lloc web. La seva utilitat \u00e9s permetre que la web recordi la teva visita quan tornis a navegar per aquesta p\u00e0gina. el <em>Les cookies<\/em> solen emmagatzemar informaci\u00f3 de car\u00e0cter t\u00e8cnic, prefer\u00e8ncies personals, personalitzaci\u00f3 de continguts, estad\u00edstiques d&#8217;\u00fas, enlla\u00e7os a xarxes socials, acc\u00e9s a comptes d&#8217;usuari, etc. <em>Cookies<\/em> consisteix a adaptar el contingut de la web al seu perfil i necessitats sense Les <em>cookies<\/em> limitarien significativament els serveis que ofereix cada lloc. Si voleu m\u00e9s informaci\u00f3 sobre qu\u00e8 s\u00f3n les <em>cookies<\/em> , qu\u00e8 emmagatzemen, com eliminar-les o desactivar-les, etc. <a href=\"https:\/\/www.restaurantemena.es\/ca\/mas-informacion-sobre-las-cookies\/\">, aneu a aquest enlla\u00e7.<\/a>\n<\/p>\n<h2>Cookies utilitzades en aquest lloc web<\/h2>\n<p>\nD&#8217;acord amb les directrius de l&#8217;Ag\u00e8ncia Espanyola de Protecci\u00f3 de Dades, continuem detallant l&#8217;\u00fas de <em>cookies<\/em> en aquest lloc web per tal d&#8217;informar-vos amb la m\u00e0xima precisi\u00f3 possible.\n<\/p>\n<p>\nAquest lloc web utilitza les seg\u00fcents <strong>cookies pr\u00f2pies<\/strong> :\n<\/p>\n<ul>\n<li>Cookies de sessi\u00f3 per garantir que els usuaris que escriuen comentaris al bloc s\u00f3n humans i no aplicacions automatitzades. Aix\u00ed \u00e9s com es combat el <em>correu brossa<\/em> .<\/li>\n<\/ul>\n<p>\nAquest lloc web utilitza les seg\u00fcents <strong>cookies de tercers<\/strong> :<\/p>\n<ul>\n<li>Google Analytics: Emmagatzema <em>cookies<\/em> per generar estad\u00edstiques de tr\u00e0nsit i volum de visites a aquest lloc web. En utilitzar aquest lloc web, accepteu el tractament de la vostra informaci\u00f3 per part de Google. Per tant, l&#8217;exercici de qualsevol dret en aquest sentit s&#8217;ha de fer comunicant-se directament amb Google.<\/li>\n<li>Xarxes socials: cada xarxa social utilitza les seves pr\u00f2pies <em>galetes<\/em> per permetre&#8217;t fer clic als botons <em>M&#8217;agrada<\/em> o <em>Comparteix<\/em> .<\/em> li&gt;\n<\/ul>\n<h2>Desactivaci\u00f3 o eliminaci\u00f3 de cookies<\/h2>\n<p>\nPots exercir el teu dret a desactivar o eliminar les cookies d&#8217;aquest lloc web en qualsevol moment. Aquestes accions es realitzen de manera diferent segons el navegador utilitzat. <a href=\"https:\/\/www.restaurantemena.es\/ca\/mas-informacion-sobre-las-cookies\/#browsers\">Aqu\u00ed teniu una guia r\u00e0pida dels navegadors m\u00e9s populars<\/a> .\n<\/p>\n<h2>Informaci\u00f3 adicional<\/h2>\n<\/p>\n<ul>\n<li>\nNi aquest lloc web ni els seus representants legals es fan responsables del contingut ni de l&#8217;exactitud de les pol\u00edtiques de privadesa que puguin tenir els tercers esmentats en aquesta Pol\u00edtica de <em>Cookies<\/em> .\n<\/li>\n<li>\nEls navegadors web s\u00f3n les eines encarregades d&#8217;emmagatzemar les <em>cookies<\/em> i des d&#8217;aqu\u00ed haur\u00e0s d&#8217;exercir el teu dret a eliminar-les o desactivar-les. Ni aquest lloc web ni els seus representants legals poden garantir el tractament correcte o incorrecte de les <em>cookies<\/em> per part dels navegadors esmentats anteriorment.\n<\/li>\n<li>\nEn alguns casos \u00e9s necessari instal\u00b7lar <em>cookies<\/em> perqu\u00e8 el navegador no oblidi la seva decisi\u00f3 de no acceptar-les.\n<\/li>\n<li>\nEn el cas de les <em>cookies<\/em> de Google Analytics, aquesta empresa emmagatzema les <em>cookies<\/em> en servidors situats als Estats Units i es compromet a no cedir-les a tercers, excepte en els casos que siguin necessaris per al funcionament del sistema o quan la llei aix\u00ed ho indiqui. Segons Google, la vostra adre\u00e7a IP no es desar\u00e0. Google Inc. \u00e9s una empresa adherida a l&#8217;Acord de Port Segur, que garanteix que totes les dades cedides seran tractades amb un nivell de protecci\u00f3 equivalent a la normativa europea. Podeu trobar informaci\u00f3 detallada <a href=\"http:\/\/safeharbor.export.gov\/companyinfo.aspx?id=16626\" target=\"_blank\" rel=\"noopener noreferrer\">sobre aix\u00f2 en aquest enlla\u00e7<\/a> . Si voleu informaci\u00f3 sobre l&#8217;\u00fas de les cookies per part de Google <a href=\"https:\/\/developers.google.com\/analytics\/devguides\/collection\/analyticsjs\/cookie-usage?hl=es&amp;csw=1\" target=\"_blank\" rel=\"noopener noreferrer\">, incloem aquest altre enlla\u00e7<\/a> .\n<\/li>\n<li>\nSi tens qualsevol dubte sobre aquesta <em>pol\u00edtica de cookies<\/em> , no dubtis a posar-te en contacte amb nosaltres a trav\u00e9s de la secci\u00f3 de contacte.<\/a>\n<\/li>\n<\/ul>\n<p>\nCookie Advisor \u00e9s un <a href=\"http:\/\/wordpress.org\/plugins\/asesor-cookies-para-la-ley-en-espana\/\" target=\"_blank\" rel=\"noopener noreferrer\">complement per a WordPress<\/a><\/p>\n","protected":false},"excerpt":{"rendered":"<p>Una galeta \u00e9s un petit fitxer de text que s&#8217;emmagatzema al vostre navegador quan visiteu gaireb\u00e9 qualsevol lloc web. La seva utilitat \u00e9s permetre que la web recordi la teva visita quan tornis a navegar per aquesta p\u00e0gina. el Les cookies solen emmagatzemar informaci\u00f3 de car\u00e0cter t\u00e8cnic, prefer\u00e8ncies personals, personalitzaci\u00f3 de continguts, estad\u00edstiques d&#8217;\u00fas, enlla\u00e7os [&hellip;]<\/p>\n","protected":false},"author":1,"featured_media":0,"parent":0,"menu_order":0,"comment_status":"closed","ping_status":"closed","template":"blog-attika","meta":{"footnotes":""},"class_list":["post-4250","page","type-page","status-publish","hentry"],"yoast_head":"<!-- This site is optimized with the Yoast SEO plugin v27.4 - https:\/\/yoast.com\/product\/yoast-seo-wordpress\/ -->\n<title>Pol\u00edtica de cookies - Restaurante Mena<\/title>\n<meta name=\"robots\" content=\"index, follow, max-snippet:-1, max-image-preview:large, max-video-preview:-1\" \/>\n<link rel=\"canonical\" href=\"https:\/\/www.restaurantemena.es\/ca\/politica-de-cookies\/\" \/>\n<meta property=\"og:locale\" content=\"ca_ES\" \/>\n<meta property=\"og:type\" content=\"article\" \/>\n<meta property=\"og:title\" content=\"Pol\u00edtica de cookies - Restaurante Mena\" \/>\n<meta property=\"og:description\" content=\"Una galeta \u00e9s un petit fitxer de text que s&#8217;emmagatzema al vostre navegador quan visiteu gaireb\u00e9 qualsevol lloc web. La seva utilitat \u00e9s permetre que la web recordi la teva visita quan tornis a navegar per aquesta p\u00e0gina. el Les cookies solen emmagatzemar informaci\u00f3 de car\u00e0cter t\u00e8cnic, prefer\u00e8ncies personals, personalitzaci\u00f3 de continguts, estad\u00edstiques d&#8217;\u00fas, enlla\u00e7os [&hellip;]\" \/>\n<meta property=\"og:url\" content=\"https:\/\/www.restaurantemena.es\/ca\/politica-de-cookies\/\" \/>\n<meta property=\"og:site_name\" content=\"Restaurante Mena\" \/>\n<meta property=\"article:modified_time\" content=\"2022-04-07T09:54:23+00:00\" \/>\n<meta name=\"twitter:card\" content=\"summary_large_image\" \/>\n<meta name=\"twitter:label1\" content=\"Temps estimat de lectura\" \/>\n\t<meta name=\"twitter:data1\" content=\"3 minuts\" \/>\n<script type=\"application\/ld+json\" class=\"yoast-schema-graph\">{\"@context\":\"https:\\\/\\\/schema.org\",\"@graph\":[{\"@type\":\"WebPage\",\"@id\":\"https:\\\/\\\/www.restaurantemena.es\\\/ca\\\/politica-de-cookies\\\/\",\"url\":\"https:\\\/\\\/www.restaurantemena.es\\\/ca\\\/politica-de-cookies\\\/\",\"name\":\"Pol\u00edtica de cookies - Restaurante Mena\",\"isPartOf\":{\"@id\":\"https:\\\/\\\/www.restaurantemena.es\\\/ca\\\/#website\"},\"datePublished\":\"2020-03-03T16:16:36+00:00\",\"dateModified\":\"2022-04-07T09:54:23+00:00\",\"breadcrumb\":{\"@id\":\"https:\\\/\\\/www.restaurantemena.es\\\/ca\\\/politica-de-cookies\\\/#breadcrumb\"},\"inLanguage\":\"ca\",\"potentialAction\":[{\"@type\":\"ReadAction\",\"target\":[\"https:\\\/\\\/www.restaurantemena.es\\\/ca\\\/politica-de-cookies\\\/\"]}]},{\"@type\":\"BreadcrumbList\",\"@id\":\"https:\\\/\\\/www.restaurantemena.es\\\/ca\\\/politica-de-cookies\\\/#breadcrumb\",\"itemListElement\":[{\"@type\":\"ListItem\",\"position\":1,\"name\":\"Home\",\"item\":\"https:\\\/\\\/www.restaurantemena.es\\\/ca\\\/\"},{\"@type\":\"ListItem\",\"position\":2,\"name\":\"Pol\u00edtica de cookies\"}]},{\"@type\":\"WebSite\",\"@id\":\"https:\\\/\\\/www.restaurantemena.es\\\/ca\\\/#website\",\"url\":\"https:\\\/\\\/www.restaurantemena.es\\\/ca\\\/\",\"name\":\"Restaurante Mena\",\"description\":\"A bordo desde 1959. Final de les Rotes - D\u00e9nia\",\"potentialAction\":[{\"@type\":\"SearchAction\",\"target\":{\"@type\":\"EntryPoint\",\"urlTemplate\":\"https:\\\/\\\/www.restaurantemena.es\\\/ca\\\/?s={search_term_string}\"},\"query-input\":{\"@type\":\"PropertyValueSpecification\",\"valueRequired\":true,\"valueName\":\"search_term_string\"}}],\"inLanguage\":\"ca\"}]}<\/script>\n<!-- \/ Yoast SEO plugin. -->","yoast_head_json":{"title":"Pol\u00edtica de cookies - Restaurante Mena","robots":{"index":"index","follow":"follow","max-snippet":"max-snippet:-1","max-image-preview":"max-image-preview:large","max-video-preview":"max-video-preview:-1"},"canonical":"https:\/\/www.restaurantemena.es\/ca\/politica-de-cookies\/","og_locale":"ca_ES","og_type":"article","og_title":"Pol\u00edtica de cookies - Restaurante Mena","og_description":"Una galeta \u00e9s un petit fitxer de text que s&#8217;emmagatzema al vostre navegador quan visiteu gaireb\u00e9 qualsevol lloc web. La seva utilitat \u00e9s permetre que la web recordi la teva visita quan tornis a navegar per aquesta p\u00e0gina. el Les cookies solen emmagatzemar informaci\u00f3 de car\u00e0cter t\u00e8cnic, prefer\u00e8ncies personals, personalitzaci\u00f3 de continguts, estad\u00edstiques d&#8217;\u00fas, enlla\u00e7os [&hellip;]","og_url":"https:\/\/www.restaurantemena.es\/ca\/politica-de-cookies\/","og_site_name":"Restaurante Mena","article_modified_time":"2022-04-07T09:54:23+00:00","twitter_card":"summary_large_image","twitter_misc":{"Temps estimat de lectura":"3 minuts"},"schema":{"@context":"https:\/\/schema.org","@graph":[{"@type":"WebPage","@id":"https:\/\/www.restaurantemena.es\/ca\/politica-de-cookies\/","url":"https:\/\/www.restaurantemena.es\/ca\/politica-de-cookies\/","name":"Pol\u00edtica de cookies - Restaurante Mena","isPartOf":{"@id":"https:\/\/www.restaurantemena.es\/ca\/#website"},"datePublished":"2020-03-03T16:16:36+00:00","dateModified":"2022-04-07T09:54:23+00:00","breadcrumb":{"@id":"https:\/\/www.restaurantemena.es\/ca\/politica-de-cookies\/#breadcrumb"},"inLanguage":"ca","potentialAction":[{"@type":"ReadAction","target":["https:\/\/www.restaurantemena.es\/ca\/politica-de-cookies\/"]}]},{"@type":"BreadcrumbList","@id":"https:\/\/www.restaurantemena.es\/ca\/politica-de-cookies\/#breadcrumb","itemListElement":[{"@type":"ListItem","position":1,"name":"Home","item":"https:\/\/www.restaurantemena.es\/ca\/"},{"@type":"ListItem","position":2,"name":"Pol\u00edtica de cookies"}]},{"@type":"WebSite","@id":"https:\/\/www.restaurantemena.es\/ca\/#website","url":"https:\/\/www.restaurantemena.es\/ca\/","name":"Restaurante Mena","description":"A bordo desde 1959. Final de les Rotes - D\u00e9nia","potentialAction":[{"@type":"SearchAction","target":{"@type":"EntryPoint","urlTemplate":"https:\/\/www.restaurantemena.es\/ca\/?s={search_term_string}"},"query-input":{"@type":"PropertyValueSpecification","valueRequired":true,"valueName":"search_term_string"}}],"inLanguage":"ca"}]}},"_links":{"self":[{"href":"https:\/\/www.restaurantemena.es\/ca\/wp-json\/wp\/v2\/pages\/4250","targetHints":{"allow":["GET"]}}],"collection":[{"href":"https:\/\/www.restaurantemena.es\/ca\/wp-json\/wp\/v2\/pages"}],"about":[{"href":"https:\/\/www.restaurantemena.es\/ca\/wp-json\/wp\/v2\/types\/page"}],"author":[{"embeddable":true,"href":"https:\/\/www.restaurantemena.es\/ca\/wp-json\/wp\/v2\/users\/1"}],"replies":[{"embeddable":true,"href":"https:\/\/www.restaurantemena.es\/ca\/wp-json\/wp\/v2\/comments?post=4250"}],"version-history":[{"count":2,"href":"https:\/\/www.restaurantemena.es\/ca\/wp-json\/wp\/v2\/pages\/4250\/revisions"}],"predecessor-version":[{"id":5152,"href":"https:\/\/www.restaurantemena.es\/ca\/wp-json\/wp\/v2\/pages\/4250\/revisions\/5152"}],"wp:attachment":[{"href":"https:\/\/www.restaurantemena.es\/ca\/wp-json\/wp\/v2\/media?parent=4250"}],"curies":[{"name":"wp","href":"https:\/\/api.w.org\/{rel}","templated":true}]}}